{"id":10559,"date":"2025-09-25T13:31:22","date_gmt":"2025-09-25T11:31:22","guid":{"rendered":"https:\/\/free-form.dk\/stanzformen\/"},"modified":"2025-10-20T07:47:35","modified_gmt":"2025-10-20T05:47:35","slug":"stanzformen","status":"publish","type":"page","link":"https:\/\/free-form.dk\/de\/stanzformen\/","title":{"rendered":"Stanzformen"},"content":{"rendered":"\t\t<div data-elementor-type=\"wp-page\" data-elementor-id=\"10559\" class=\"elementor elementor-10559 elementor-9935\" data-elementor-post-type=\"page\">\n\t\t\t\t<div class=\"elementor-element elementor-element-249537d7 white e-flex e-con-boxed e-con e-parent\" data-id=\"249537d7\" data-element_type=\"container\" data-settings=\"{&quot;background_background&quot;:&quot;video&quot;,&quot;background_video_link&quot;:&quot;https:\\\/\\\/gostmediaserviceprod.blob.core.windows.net\\\/asset-2575b13b-7570-4f2e-8c24-2de670e7cbe2\\\/Free-form-CNC-fraeser-Header-vid_1920x1080_4700k.mp4&quot;,&quot;background_play_on_mobile&quot;:&quot;yes&quot;}\">\n\t\t\t\t\t<div class=\"e-con-inner\">\n\t\t<div class=\"elementor-background-video-container\" aria-hidden=\"true\">\n\t\t\t\t\t\t\t<video class=\"elementor-background-video-hosted\" autoplay muted playsinline loop><\/video>\n\t\t\t\t\t<\/div><div class=\"elementor-element elementor-element-575c39ca e-con-full e-flex e-con e-child\" data-id=\"575c39ca\" data-element_type=\"container\">\n\t\t\t\t<div class=\"elementor-element elementor-element-80f9f68 prehead elementor-widget elementor-widget-text-editor\" data-id=\"80f9f68\" data-element_type=\"widget\" data-widget_type=\"text-editor.default\">\n\t\t\t\t<div class=\"elementor-widget-container\">\n\t\t\t\t\t\t\t\t\t<p>Willkommen bei  FREE-FORM A\/S<\/p>\t\t\t\t\t\t\t\t<\/div>\n\t\t\t\t<\/div>\n\t\t\t\t<div class=\"elementor-element elementor-element-16555fcb elementor-widget elementor-widget-heading\" data-id=\"16555fcb\" data-element_type=\"widget\" data-widget_type=\"heading.default\">\n\t\t\t\t<div class=\"elementor-widget-container\">\n\t\t\t\t\t<h1 class=\"elementor-heading-title elementor-size-default\">Stanzformen<\/h1>\t\t\t\t<\/div>\n\t\t\t\t<\/div>\n\t\t\t\t<\/div>\n\t\t\t\t\t<\/div>\n\t\t\t\t<\/div>\n\t\t<div class=\"elementor-element elementor-element-3281d238 e-flex e-con-boxed e-con e-parent\" data-id=\"3281d238\" data-element_type=\"container\">\n\t\t\t\t\t<div class=\"e-con-inner\">\n\t\t<div class=\"elementor-element elementor-element-4056cdfe e-con-full e-flex e-con e-child\" data-id=\"4056cdfe\" data-element_type=\"container\">\n\t\t\t\t<div class=\"elementor-element elementor-element-7f6131dc elementor-widget elementor-widget-text-editor\" data-id=\"7f6131dc\" data-element_type=\"widget\" data-widget_type=\"text-editor.default\">\n\t\t\t\t<div class=\"elementor-widget-container\">\n\t\t\t\t\t\t\t\t\t<h2>30 Jahre Erfahrung<\/h2><p>FreeForm A\/S verf\u00fcgt \u00fcber mehr als 30 Jahre Erfahrung in der Konstruktion und Herstellung von Stanzformen, Reinigungswerkzeugen, Trennwerkzeugen, Matrizen und Stahlplatten.<\/p><p>Die Produktion erfolgt anhand von Skizzen oder fertigen Zeichnungen des Kunden.<\/p><p>In der Produktion wird alles auf unserer CAD\/CAM-Anlage durchgef\u00fchrt, um die erforderliche Qualit\u00e4t und Pr\u00e4zision sicherzustellen. Wir verwenden in unserer Produktion ausschlie\u00dflich CNC-gesteuerte Maschinen, um die bestm\u00f6gliche Wiederholgenauigkeit zu erzielen.<\/p>\t\t\t\t\t\t\t\t<\/div>\n\t\t\t\t<\/div>\n\t\t\t\t<\/div>\n\t\t<div class=\"elementor-element elementor-element-3580941 e-con-full e-flex e-con e-child\" data-id=\"3580941\" data-element_type=\"container\" data-settings=\"{&quot;background_background&quot;:&quot;classic&quot;}\">\n\t\t\t\t<\/div>\n\t\t\t\t\t<\/div>\n\t\t\t\t<\/div>\n\t\t<div class=\"elementor-element elementor-element-318bb4ad light e-flex e-con-boxed e-con e-parent\" data-id=\"318bb4ad\" data-element_type=\"container\">\n\t\t\t\t\t<div class=\"e-con-inner\">\n\t\t<div class=\"elementor-element elementor-element-76b375f e-con-full e-flex e-con e-child\" data-id=\"76b375f\" data-element_type=\"container\" data-settings=\"{&quot;background_background&quot;:&quot;classic&quot;}\">\n\t\t\t\t<div class=\"elementor-element elementor-element-1882362 elementor-widget elementor-widget-image\" data-id=\"1882362\" data-element_type=\"widget\" data-widget_type=\"image.default\">\n\t\t\t\t<div class=\"elementor-widget-container\">\n\t\t\t\t\t\t\t\t\t\t\t\t\t\t\t\t<a href=\"https:\/\/free-form.dk\/wp-content\/uploads\/2025\/09\/kartonnage.jpg\" data-elementor-open-lightbox=\"yes\" data-e-action-hash=\"#elementor-action%3Aaction%3Dlightbox%26settings%3DeyJpZCI6MTAzOTIsInVybCI6Imh0dHBzOlwvXC9mcmVlLWZvcm0uZGtcL3dwLWNvbnRlbnRcL3VwbG9hZHNcLzIwMjVcLzA5XC9rYXJ0b25uYWdlLmpwZyJ9\" data-rel=\"-image-0\" data-rl_title=\"\" data-rl_caption=\"\" title=\"\">\n\t\t\t\t\t\t\t<img fetchpriority=\"high\" decoding=\"async\" width=\"1000\" height=\"695\" src=\"https:\/\/free-form.dk\/wp-content\/uploads\/2025\/09\/kartonnage.jpg\" class=\"attachment-large size-large wp-image-10392\" alt=\"\" srcset=\"https:\/\/free-form.dk\/wp-content\/uploads\/2025\/09\/kartonnage.jpg 1000w, https:\/\/free-form.dk\/wp-content\/uploads\/2025\/09\/kartonnage-500x348.jpg 500w, https:\/\/free-form.dk\/wp-content\/uploads\/2025\/09\/kartonnage-768x534.jpg 768w\" sizes=\"(max-width: 1000px) 100vw, 1000px\" \/>\t\t\t\t\t\t\t\t<\/a>\n\t\t\t\t\t\t\t\t\t\t\t\t\t\t\t<\/div>\n\t\t\t\t<\/div>\n\t\t\t\t<div class=\"elementor-element elementor-element-f8b356d elementor-widget elementor-widget-heading\" data-id=\"f8b356d\" data-element_type=\"widget\" data-widget_type=\"heading.default\">\n\t\t\t\t<div class=\"elementor-widget-container\">\n\t\t\t\t\t<h3 class=\"elementor-heading-title elementor-size-default\">Stanzform, Kartonage<\/h3>\t\t\t\t<\/div>\n\t\t\t\t<\/div>\n\t\t\t\t<\/div>\n\t\t<div class=\"elementor-element elementor-element-5eb8981 e-con-full e-flex e-con e-child\" data-id=\"5eb8981\" data-element_type=\"container\" data-settings=\"{&quot;background_background&quot;:&quot;classic&quot;}\">\n\t\t\t\t<div class=\"elementor-element elementor-element-6eb9df3 elementor-widget elementor-widget-image\" data-id=\"6eb9df3\" data-element_type=\"widget\" data-widget_type=\"image.default\">\n\t\t\t\t<div class=\"elementor-widget-container\">\n\t\t\t\t\t\t\t\t\t\t\t\t\t\t\t\t<a href=\"https:\/\/free-form.dk\/wp-content\/uploads\/2025\/09\/honey.png\" data-elementor-open-lightbox=\"yes\" data-e-action-hash=\"#elementor-action%3Aaction%3Dlightbox%26settings%3DeyJpZCI6MTAzOTAsInVybCI6Imh0dHBzOlwvXC9mcmVlLWZvcm0uZGtcL3dwLWNvbnRlbnRcL3VwbG9hZHNcLzIwMjVcLzA5XC9ob25leS5wbmcifQ%3D%3D\" data-rel=\"-image-1\" data-rl_title=\"\" data-rl_caption=\"\" title=\"\">\n\t\t\t\t\t\t\t<img decoding=\"async\" width=\"803\" height=\"255\" src=\"https:\/\/free-form.dk\/wp-content\/uploads\/2025\/09\/honey.png\" class=\"attachment-large size-large wp-image-10390\" alt=\"\" srcset=\"https:\/\/free-form.dk\/wp-content\/uploads\/2025\/09\/honey.png 803w, https:\/\/free-form.dk\/wp-content\/uploads\/2025\/09\/honey-500x159.png 500w, https:\/\/free-form.dk\/wp-content\/uploads\/2025\/09\/honey-768x244.png 768w\" sizes=\"(max-width: 803px) 100vw, 803px\" \/>\t\t\t\t\t\t\t\t<\/a>\n\t\t\t\t\t\t\t\t\t\t\t\t\t\t\t<\/div>\n\t\t\t\t<\/div>\n\t\t\t\t<div class=\"elementor-element elementor-element-d037f3c elementor-widget elementor-widget-heading\" data-id=\"d037f3c\" data-element_type=\"widget\" data-widget_type=\"heading.default\">\n\t\t\t\t<div class=\"elementor-widget-container\">\n\t\t\t\t\t<h3 class=\"elementor-heading-title elementor-size-default\">Stanzform, HoneyComb<\/h3>\t\t\t\t<\/div>\n\t\t\t\t<\/div>\n\t\t\t\t<\/div>\n\t\t\t\t\t<\/div>\n\t\t\t\t<\/div>\n\t\t\t\t<\/div>\n\t\t","protected":false},"excerpt":{"rendered":"<p>Willkommen bei 30 Jahre Erfahrung FreeForm A\/S verf\u00fcgt \u00fcber mehr als 30 Jahre Erfahrung in der Konstruktion und Herstellung von Stanzformen, Reinigungswerkzeugen, Trennwerkzeugen, Matrizen und Stahlplatten. Die Produktion erfolgt anhand von Skizzen oder fertigen Zeichnungen des Kunden. In der Produktion wird alles auf unserer CAD\/CAM-Anlage durchgef\u00fchrt, um die erforderliche Qualit\u00e4t und Pr\u00e4zision sicherzustellen. Wir verwenden &#8230; <a title=\"Stanzformen\" class=\"read-more\" href=\"https:\/\/free-form.dk\/de\/stanzformen\/\" aria-label=\"Mehr Informationen \u00fcber Stanzformen\">Weiterlesen &#8230;<\/a><\/p>\n","protected":false},"author":5,"featured_media":10320,"parent":0,"menu_order":1003,"comment_status":"closed","ping_status":"closed","template":"","meta":{"_acf_changed":false,"footnotes":""},"categories":[83],"class_list":{"0":"post-10559","1":"page","2":"type-page","3":"status-publish","4":"has-post-thumbnail","6":"category-leistungen"},"acf":[],"yoast_head":"<!-- This site is optimized with the Yoast SEO plugin v27.5 - https:\/\/yoast.com\/product\/yoast-seo-wordpress\/ -->\n<title>Stanzformen | FREE-FORM A\/S<\/title>\n<meta name=\"robots\" content=\"index, follow, max-snippet:-1, max-image-preview:large, max-video-preview:-1\" \/>\n<link rel=\"canonical\" href=\"https:\/\/free-form.dk\/de\/stanzformen\/\" \/>\n<meta property=\"og:locale\" content=\"de_DE\" \/>\n<meta property=\"og:type\" content=\"article\" \/>\n<meta property=\"og:title\" content=\"Stanzformen | FREE-FORM A\/S\" \/>\n<meta property=\"og:description\" content=\"Willkommen bei 30 Jahre Erfahrung FreeForm A\/S verf\u00fcgt \u00fcber mehr als 30 Jahre Erfahrung in der Konstruktion und Herstellung von Stanzformen, Reinigungswerkzeugen, Trennwerkzeugen, Matrizen und Stahlplatten. Die Produktion erfolgt anhand von Skizzen oder fertigen Zeichnungen des Kunden. In der Produktion wird alles auf unserer CAD\/CAM-Anlage durchgef\u00fchrt, um die erforderliche Qualit\u00e4t und Pr\u00e4zision sicherzustellen. Wir verwenden ... Weiterlesen ...\" \/>\n<meta property=\"og:url\" content=\"https:\/\/free-form.dk\/de\/stanzformen\/\" \/>\n<meta property=\"og:site_name\" content=\"FREE-FORM A\/S\" \/>\n<meta property=\"article:modified_time\" content=\"2025-10-20T05:47:35+00:00\" \/>\n<meta property=\"og:image\" content=\"https:\/\/free-form.dk\/wp-content\/uploads\/2025\/09\/freeform_kompetencer_stanseforme.jpg\" \/>\n\t<meta property=\"og:image:width\" content=\"600\" \/>\n\t<meta property=\"og:image:height\" content=\"400\" \/>\n\t<meta property=\"og:image:type\" content=\"image\/jpeg\" \/>\n<meta name=\"twitter:card\" content=\"summary_large_image\" \/>\n<script type=\"application\/ld+json\" class=\"yoast-schema-graph\">{\"@context\":\"https:\\\/\\\/schema.org\",\"@graph\":[{\"@type\":\"WebPage\",\"@id\":\"https:\\\/\\\/free-form.dk\\\/de\\\/stanzformen\\\/\",\"url\":\"https:\\\/\\\/free-form.dk\\\/de\\\/stanzformen\\\/\",\"name\":\"Stanzformen | FREE-FORM A\\\/S\",\"isPartOf\":{\"@id\":\"https:\\\/\\\/free-form.dk\\\/de\\\/#website\"},\"primaryImageOfPage\":{\"@id\":\"https:\\\/\\\/free-form.dk\\\/de\\\/stanzformen\\\/#primaryimage\"},\"image\":{\"@id\":\"https:\\\/\\\/free-form.dk\\\/de\\\/stanzformen\\\/#primaryimage\"},\"thumbnailUrl\":\"https:\\\/\\\/free-form.dk\\\/wp-content\\\/uploads\\\/2025\\\/09\\\/freeform_kompetencer_stanseforme.jpg\",\"datePublished\":\"2025-09-25T11:31:22+00:00\",\"dateModified\":\"2025-10-20T05:47:35+00:00\",\"breadcrumb\":{\"@id\":\"https:\\\/\\\/free-form.dk\\\/de\\\/stanzformen\\\/#breadcrumb\"},\"inLanguage\":\"de\",\"potentialAction\":[{\"@type\":\"ReadAction\",\"target\":[\"https:\\\/\\\/free-form.dk\\\/de\\\/stanzformen\\\/\"]}]},{\"@type\":\"ImageObject\",\"inLanguage\":\"de\",\"@id\":\"https:\\\/\\\/free-form.dk\\\/de\\\/stanzformen\\\/#primaryimage\",\"url\":\"https:\\\/\\\/free-form.dk\\\/wp-content\\\/uploads\\\/2025\\\/09\\\/freeform_kompetencer_stanseforme.jpg\",\"contentUrl\":\"https:\\\/\\\/free-form.dk\\\/wp-content\\\/uploads\\\/2025\\\/09\\\/freeform_kompetencer_stanseforme.jpg\",\"width\":600,\"height\":400},{\"@type\":\"BreadcrumbList\",\"@id\":\"https:\\\/\\\/free-form.dk\\\/de\\\/stanzformen\\\/#breadcrumb\",\"itemListElement\":[{\"@type\":\"ListItem\",\"position\":1,\"name\":\"Forside\",\"item\":\"https:\\\/\\\/free-form.dk\\\/de\\\/startseite\\\/\"},{\"@type\":\"ListItem\",\"position\":2,\"name\":\"Stanzformen\"}]},{\"@type\":\"WebSite\",\"@id\":\"https:\\\/\\\/free-form.dk\\\/de\\\/#website\",\"url\":\"https:\\\/\\\/free-form.dk\\\/de\\\/\",\"name\":\"FREE-FORM A\\\/S\",\"description\":\"Fokus p\u00e5 arbejdet og servicering af vores kunder\",\"publisher\":{\"@id\":\"https:\\\/\\\/free-form.dk\\\/de\\\/#organization\"},\"potentialAction\":[{\"@type\":\"SearchAction\",\"target\":{\"@type\":\"EntryPoint\",\"urlTemplate\":\"https:\\\/\\\/free-form.dk\\\/de\\\/?s={search_term_string}\"},\"query-input\":{\"@type\":\"PropertyValueSpecification\",\"valueRequired\":true,\"valueName\":\"search_term_string\"}}],\"inLanguage\":\"de\"},{\"@type\":\"Organization\",\"@id\":\"https:\\\/\\\/free-form.dk\\\/de\\\/#organization\",\"name\":\"FREE-FORM A\\\/S\",\"url\":\"https:\\\/\\\/free-form.dk\\\/de\\\/\",\"logo\":{\"@type\":\"ImageObject\",\"inLanguage\":\"de\",\"@id\":\"https:\\\/\\\/free-form.dk\\\/de\\\/#\\\/schema\\\/logo\\\/image\\\/\",\"url\":\"https:\\\/\\\/free-form.dk\\\/wp-content\\\/uploads\\\/2025\\\/09\\\/Free-logo.png\",\"contentUrl\":\"https:\\\/\\\/free-form.dk\\\/wp-content\\\/uploads\\\/2025\\\/09\\\/Free-logo.png\",\"width\":935,\"height\":198,\"caption\":\"FREE-FORM A\\\/S\"},\"image\":{\"@id\":\"https:\\\/\\\/free-form.dk\\\/de\\\/#\\\/schema\\\/logo\\\/image\\\/\"}}]}<\/script>\n<!-- \/ Yoast SEO plugin. -->","yoast_head_json":{"title":"Stanzformen | FREE-FORM A\/S","robots":{"index":"index","follow":"follow","max-snippet":"max-snippet:-1","max-image-preview":"max-image-preview:large","max-video-preview":"max-video-preview:-1"},"canonical":"https:\/\/free-form.dk\/de\/stanzformen\/","og_locale":"de_DE","og_type":"article","og_title":"Stanzformen | FREE-FORM A\/S","og_description":"Willkommen bei 30 Jahre Erfahrung FreeForm A\/S verf\u00fcgt \u00fcber mehr als 30 Jahre Erfahrung in der Konstruktion und Herstellung von Stanzformen, Reinigungswerkzeugen, Trennwerkzeugen, Matrizen und Stahlplatten. Die Produktion erfolgt anhand von Skizzen oder fertigen Zeichnungen des Kunden. In der Produktion wird alles auf unserer CAD\/CAM-Anlage durchgef\u00fchrt, um die erforderliche Qualit\u00e4t und Pr\u00e4zision sicherzustellen. Wir verwenden ... Weiterlesen ...","og_url":"https:\/\/free-form.dk\/de\/stanzformen\/","og_site_name":"FREE-FORM A\/S","article_modified_time":"2025-10-20T05:47:35+00:00","og_image":[{"width":600,"height":400,"url":"https:\/\/free-form.dk\/wp-content\/uploads\/2025\/09\/freeform_kompetencer_stanseforme.jpg","type":"image\/jpeg"}],"twitter_card":"summary_large_image","schema":{"@context":"https:\/\/schema.org","@graph":[{"@type":"WebPage","@id":"https:\/\/free-form.dk\/de\/stanzformen\/","url":"https:\/\/free-form.dk\/de\/stanzformen\/","name":"Stanzformen | FREE-FORM A\/S","isPartOf":{"@id":"https:\/\/free-form.dk\/de\/#website"},"primaryImageOfPage":{"@id":"https:\/\/free-form.dk\/de\/stanzformen\/#primaryimage"},"image":{"@id":"https:\/\/free-form.dk\/de\/stanzformen\/#primaryimage"},"thumbnailUrl":"https:\/\/free-form.dk\/wp-content\/uploads\/2025\/09\/freeform_kompetencer_stanseforme.jpg","datePublished":"2025-09-25T11:31:22+00:00","dateModified":"2025-10-20T05:47:35+00:00","breadcrumb":{"@id":"https:\/\/free-form.dk\/de\/stanzformen\/#breadcrumb"},"inLanguage":"de","potentialAction":[{"@type":"ReadAction","target":["https:\/\/free-form.dk\/de\/stanzformen\/"]}]},{"@type":"ImageObject","inLanguage":"de","@id":"https:\/\/free-form.dk\/de\/stanzformen\/#primaryimage","url":"https:\/\/free-form.dk\/wp-content\/uploads\/2025\/09\/freeform_kompetencer_stanseforme.jpg","contentUrl":"https:\/\/free-form.dk\/wp-content\/uploads\/2025\/09\/freeform_kompetencer_stanseforme.jpg","width":600,"height":400},{"@type":"BreadcrumbList","@id":"https:\/\/free-form.dk\/de\/stanzformen\/#breadcrumb","itemListElement":[{"@type":"ListItem","position":1,"name":"Forside","item":"https:\/\/free-form.dk\/de\/startseite\/"},{"@type":"ListItem","position":2,"name":"Stanzformen"}]},{"@type":"WebSite","@id":"https:\/\/free-form.dk\/de\/#website","url":"https:\/\/free-form.dk\/de\/","name":"FREE-FORM A\/S","description":"Fokus p\u00e5 arbejdet og servicering af vores kunder","publisher":{"@id":"https:\/\/free-form.dk\/de\/#organization"},"potentialAction":[{"@type":"SearchAction","target":{"@type":"EntryPoint","urlTemplate":"https:\/\/free-form.dk\/de\/?s={search_term_string}"},"query-input":{"@type":"PropertyValueSpecification","valueRequired":true,"valueName":"search_term_string"}}],"inLanguage":"de"},{"@type":"Organization","@id":"https:\/\/free-form.dk\/de\/#organization","name":"FREE-FORM A\/S","url":"https:\/\/free-form.dk\/de\/","logo":{"@type":"ImageObject","inLanguage":"de","@id":"https:\/\/free-form.dk\/de\/#\/schema\/logo\/image\/","url":"https:\/\/free-form.dk\/wp-content\/uploads\/2025\/09\/Free-logo.png","contentUrl":"https:\/\/free-form.dk\/wp-content\/uploads\/2025\/09\/Free-logo.png","width":935,"height":198,"caption":"FREE-FORM A\/S"},"image":{"@id":"https:\/\/free-form.dk\/de\/#\/schema\/logo\/image\/"}}]}},"_links":{"self":[{"href":"https:\/\/free-form.dk\/de\/wp-json\/wp\/v2\/pages\/10559","targetHints":{"allow":["GET"]}}],"collection":[{"href":"https:\/\/free-form.dk\/de\/wp-json\/wp\/v2\/pages"}],"about":[{"href":"https:\/\/free-form.dk\/de\/wp-json\/wp\/v2\/types\/page"}],"author":[{"embeddable":true,"href":"https:\/\/free-form.dk\/de\/wp-json\/wp\/v2\/users\/5"}],"replies":[{"embeddable":true,"href":"https:\/\/free-form.dk\/de\/wp-json\/wp\/v2\/comments?post=10559"}],"version-history":[{"count":1,"href":"https:\/\/free-form.dk\/de\/wp-json\/wp\/v2\/pages\/10559\/revisions"}],"predecessor-version":[{"id":10563,"href":"https:\/\/free-form.dk\/de\/wp-json\/wp\/v2\/pages\/10559\/revisions\/10563"}],"wp:featuredmedia":[{"embeddable":true,"href":"https:\/\/free-form.dk\/de\/wp-json\/wp\/v2\/media\/10320"}],"wp:attachment":[{"href":"https:\/\/free-form.dk\/de\/wp-json\/wp\/v2\/media?parent=10559"}],"wp:term":[{"taxonomy":"category","embeddable":true,"href":"https:\/\/free-form.dk\/de\/wp-json\/wp\/v2\/categories?post=10559"}],"curies":[{"name":"wp","href":"https:\/\/api.w.org\/{rel}","templated":true}]}}