{"id":10571,"date":"2025-09-25T13:31:22","date_gmt":"2025-09-25T11:31:22","guid":{"rendered":"https:\/\/free-form.dk\/blisterverpackungsmaschine-ws-525\/"},"modified":"2025-10-20T07:47:44","modified_gmt":"2025-10-20T05:47:44","slug":"blisterverpackungsmaschine-ws-525","status":"publish","type":"page","link":"https:\/\/free-form.dk\/de\/blisterverpackungsmaschine-ws-525\/","title":{"rendered":"Blisterverpackungsmaschine \u2013 WS 525"},"content":{"rendered":"\t\t<div data-elementor-type=\"wp-page\" data-elementor-id=\"10571\" class=\"elementor elementor-10571 elementor-9936\" data-elementor-post-type=\"page\">\n\t\t\t\t<div class=\"elementor-element elementor-element-5403a217 white e-flex e-con-boxed e-con e-parent\" data-id=\"5403a217\" data-element_type=\"container\" data-settings=\"{&quot;background_background&quot;:&quot;video&quot;,&quot;background_video_link&quot;:&quot;https:\\\/\\\/gostmediaserviceprod.blob.core.windows.net\\\/asset-2575b13b-7570-4f2e-8c24-2de670e7cbe2\\\/Free-form-CNC-fraeser-Header-vid_1920x1080_4700k.mp4&quot;,&quot;background_play_on_mobile&quot;:&quot;yes&quot;}\">\n\t\t\t\t\t<div class=\"e-con-inner\">\n\t\t<div class=\"elementor-background-video-container\" aria-hidden=\"true\">\n\t\t\t\t\t\t\t<video class=\"elementor-background-video-hosted\" autoplay muted playsinline loop><\/video>\n\t\t\t\t\t<\/div><div class=\"elementor-element elementor-element-4d06983c e-con-full e-flex e-con e-child\" data-id=\"4d06983c\" data-element_type=\"container\">\n\t\t\t\t<div class=\"elementor-element elementor-element-59adbe9c prehead elementor-widget elementor-widget-text-editor\" data-id=\"59adbe9c\" data-element_type=\"widget\" data-widget_type=\"text-editor.default\">\n\t\t\t\t<div class=\"elementor-widget-container\">\n\t\t\t\t\t\t\t\t\t<p>Willkommen bei  FREE-FORM A\/S<\/p>\t\t\t\t\t\t\t\t<\/div>\n\t\t\t\t<\/div>\n\t\t\t\t<div class=\"elementor-element elementor-element-6fc8b83d elementor-widget elementor-widget-heading\" data-id=\"6fc8b83d\" data-element_type=\"widget\" data-widget_type=\"heading.default\">\n\t\t\t\t<div class=\"elementor-widget-container\">\n\t\t\t\t\t<h1 class=\"elementor-heading-title elementor-size-default\">Blisterverpackungsmaschine \u2013 WS 525<\/h1>\t\t\t\t<\/div>\n\t\t\t\t<\/div>\n\t\t\t\t<\/div>\n\t\t\t\t\t<\/div>\n\t\t\t\t<\/div>\n\t\t<div class=\"elementor-element elementor-element-1e154c4c e-flex e-con-boxed e-con e-parent\" data-id=\"1e154c4c\" data-element_type=\"container\">\n\t\t\t\t\t<div class=\"e-con-inner\">\n\t\t<div class=\"elementor-element elementor-element-6ed7c322 e-con-full e-flex e-con e-child\" data-id=\"6ed7c322\" data-element_type=\"container\">\n\t\t\t\t<div class=\"elementor-element elementor-element-114f6d9f prehead elementor-widget elementor-widget-heading\" data-id=\"114f6d9f\" data-element_type=\"widget\" data-widget_type=\"heading.default\">\n\t\t\t\t<div class=\"elementor-widget-container\">\n\t\t\t\t\t<h5 class=\"elementor-heading-title elementor-size-default\">Mehr als 30 Jahre Erfahrung<\/h5>\t\t\t\t<\/div>\n\t\t\t\t<\/div>\n\t\t\t\t<div class=\"elementor-element elementor-element-2720472d elementor-widget elementor-widget-text-editor\" data-id=\"2720472d\" data-element_type=\"widget\" data-widget_type=\"text-editor.default\">\n\t\t\t\t<div class=\"elementor-widget-container\">\n\t\t\t\t\t\t\t\t\t<h2>Einzigartige und innovative Blisterverpackungsmaschine<\/h2><p>FreeForm A\/S produziert und liefert die einzigartige halbautomatische Blisterverpackungsmaschine FreeForm WS525 f\u00fcr kombiniertes Formen, Verpacken und Schwei\u00dfen auf ein und derselben Maschine.<\/p><p>Mit einer Vielzahl von optionalen Erweiterungen k\u00f6nnen wir eine Verpackungsmaschine ma\u00dfschneidern, die genau Ihren Bed\u00fcrfnissen und W\u00fcnschen entspricht.<\/p><p>FreeForm WS525 produziert optimale Blisterverpackungen zu niedrigen Anlaufkosten. Da die Verpackungsmaschine in der Lage ist, die Blister sowohl zu formen als auch zu versiegeln, ist die Lagerung von vorgeformten Blistern nicht mehr erforderlich. Neben der M\u00f6glichkeit der Just-in-Time-Blisterproduktion bietet FreeForm WS525 unseren Kunden maximale Zuverl\u00e4ssigkeit und Flexibilit\u00e4t. Mit Optionen, die auf individuelle Bed\u00fcrfnisse in Bezug auf technische Anforderungen, Produktivit\u00e4t und bedienerfreundliche Ergonomie zugeschnitten sind.<\/p><p>Die Blisterverpackungsmaschine umfasst innovative Technologie, un\u00fcbertroffene Qualit\u00e4t und CE-dokumentierte Sicherheit.<\/p>\t\t\t\t\t\t\t\t<\/div>\n\t\t\t\t<\/div>\n\t\t\t\t<\/div>\n\t\t<div class=\"elementor-element elementor-element-36fd0b16 e-con-full e-flex e-con e-child\" data-id=\"36fd0b16\" data-element_type=\"container\" data-settings=\"{&quot;background_background&quot;:&quot;classic&quot;}\">\n\t\t\t\t<\/div>\n\t\t\t\t\t<\/div>\n\t\t\t\t<\/div>\n\t\t<div class=\"elementor-element elementor-element-1fdd2dc4 e-flex e-con-boxed e-con e-parent\" data-id=\"1fdd2dc4\" data-element_type=\"container\">\n\t\t\t\t\t<div class=\"e-con-inner\">\n\t\t<div class=\"elementor-element elementor-element-15d757e3 e-con-full e-flex e-con e-child\" data-id=\"15d757e3\" data-element_type=\"container\" data-settings=\"{&quot;background_background&quot;:&quot;classic&quot;}\">\n\t\t\t\t<\/div>\n\t\t<div class=\"elementor-element elementor-element-15a45e27 e-con-full e-flex e-con e-child\" data-id=\"15a45e27\" data-element_type=\"container\">\n\t\t\t\t<div class=\"elementor-element elementor-element-62bb3307 elementor-widget elementor-widget-text-editor\" data-id=\"62bb3307\" data-element_type=\"widget\" data-widget_type=\"text-editor.default\">\n\t\t\t\t<div class=\"elementor-widget-container\">\n\t\t\t\t\t\t\t\t\t<h2>FreeForm A\/S bietet eine Komplettl\u00f6sung<\/h2><p>Im Bereich der Herstellung von Blisterverpackungen bietet FreeForm A\/S die Komplettl\u00f6sung \u2013 von der Verpackungsmaschine \u00fcber Formen und Schwei\u00dfwerkzeuge bis hin zu vorgeschnittener Folie und Siegelmaterial. In enger Zusammenarbeit mit dem Kunden m\u00f6chten wir Teil der Entwicklung der optimalen Verpackung f\u00fcr das jeweilige Produkt sein und auf dieser Grundlage ein angepasstes Werkzeug f\u00fcr die Aufgabe erstellen.<\/p><p>F\u00fcr angepasste kleinere Produktionsserien, Start-ups oder den Wunsch nach Outsourcing bietet FreeForm A\/S Lohnarbeiten in Form von vorgeformten Blistern und der Fertigverpackung von Produkten an. Die gesamte Produktion und Verpackung erfolgt auf unserer FreeForm WS525 Verpackungsmaschine in unserer Produktionsanlage mit kontrollierter Umgebung.<\/p><p>FreeForm A\/S versteht den Zusammenhang zwischen Produktdesign und Produktionskosten. Sowie wie diese zusammenarbeiten, um Erfolg zu schaffen \u2013 diesen Erfolg m\u00f6chten wir gerne mit Ihnen teilen.<\/p>\t\t\t\t\t\t\t\t<\/div>\n\t\t\t\t<\/div>\n\t\t\t\t<\/div>\n\t\t\t\t\t<\/div>\n\t\t\t\t<\/div>\n\t\t<div class=\"elementor-element elementor-element-5d9e9c3 light e-flex e-con-boxed e-con e-parent\" data-id=\"5d9e9c3\" data-element_type=\"container\">\n\t\t\t\t\t<div class=\"e-con-inner\">\n\t\t<div class=\"elementor-element elementor-element-3969cc7 e-con-full e-flex e-con e-child\" data-id=\"3969cc7\" data-element_type=\"container\">\n\t\t\t\t<div class=\"elementor-element elementor-element-43771b8 elementor-tablet-align-justify elementor-widget-tablet__width-initial elementor-widget-mobile__width-inherit elementor-widget elementor-widget-button\" data-id=\"43771b8\" data-element_type=\"widget\" data-widget_type=\"button.default\">\n\t\t\t\t<div class=\"elementor-widget-container\">\n\t\t\t\t\t\t\t\t\t<div class=\"elementor-button-wrapper\">\n\t\t\t\t\t<a class=\"elementor-button elementor-button-link elementor-size-sm\" href=\"https:\/\/free-form.dk\/de\/folienabteilung\/\">\n\t\t\t\t\t\t<span class=\"elementor-button-content-wrapper\">\n\t\t\t\t\t\t\t\t\t<span class=\"elementor-button-text\">Folienabteilung<\/span>\n\t\t\t\t\t<\/span>\n\t\t\t\t\t<\/a>\n\t\t\t\t<\/div>\n\t\t\t\t\t\t\t\t<\/div>\n\t\t\t\t<\/div>\n\t\t\t\t<div class=\"elementor-element elementor-element-cff2ddf elementor-tablet-align-justify elementor-widget-tablet__width-initial elementor-widget-mobile__width-inherit elementor-widget elementor-widget-button\" data-id=\"cff2ddf\" data-element_type=\"widget\" data-widget_type=\"button.default\">\n\t\t\t\t<div class=\"elementor-widget-container\">\n\t\t\t\t\t\t\t\t\t<div class=\"elementor-button-wrapper\">\n\t\t\t\t\t<a class=\"elementor-button elementor-button-link elementor-size-sm\" href=\"https:\/\/free-form.dk\/de\/verpackungsmaschinenprojekte\/\">\n\t\t\t\t\t\t<span class=\"elementor-button-content-wrapper\">\n\t\t\t\t\t\t\t\t\t<span class=\"elementor-button-text\">Verpackungsmaschinenprojekte ansehen<\/span>\n\t\t\t\t\t<\/span>\n\t\t\t\t\t<\/a>\n\t\t\t\t<\/div>\n\t\t\t\t\t\t\t\t<\/div>\n\t\t\t\t<\/div>\n\t\t\t\t<div class=\"elementor-element elementor-element-825bc28 elementor-tablet-align-justify elementor-widget-tablet__width-initial elementor-widget-mobile__width-inherit elementor-widget elementor-widget-button\" data-id=\"825bc28\" data-element_type=\"widget\" data-widget_type=\"button.default\">\n\t\t\t\t<div class=\"elementor-widget-container\">\n\t\t\t\t\t\t\t\t\t<div class=\"elementor-button-wrapper\">\n\t\t\t\t\t<a class=\"elementor-button elementor-button-link elementor-size-sm\" href=\"\/wp-content\/uploads\/2025\/09\/ws525_specifications.pdf\" target=\"_blank\">\n\t\t\t\t\t\t<span class=\"elementor-button-content-wrapper\">\n\t\t\t\t\t\t\t\t\t<span class=\"elementor-button-text\">Spezifikationen <\/span>\n\t\t\t\t\t<\/span>\n\t\t\t\t\t<\/a>\n\t\t\t\t<\/div>\n\t\t\t\t\t\t\t\t<\/div>\n\t\t\t\t<\/div>\n\t\t\t\t<div class=\"elementor-element elementor-element-8562ee0 elementor-tablet-align-justify elementor-widget-tablet__width-initial elementor-widget-mobile__width-inherit elementor-widget elementor-widget-button\" data-id=\"8562ee0\" data-element_type=\"widget\" data-widget_type=\"button.default\">\n\t\t\t\t<div class=\"elementor-widget-container\">\n\t\t\t\t\t\t\t\t\t<div class=\"elementor-button-wrapper\">\n\t\t\t\t\t<a class=\"elementor-button elementor-button-link elementor-size-sm\" href=\"https:\/\/www.youtube.com\/channel\/UCN6tuTBi8JxpzO6FvrqOC6Q\" target=\"_blank\">\n\t\t\t\t\t\t<span class=\"elementor-button-content-wrapper\">\n\t\t\t\t\t\t\t\t\t<span class=\"elementor-button-text\">Mehr auf Youtube ansehen<\/span>\n\t\t\t\t\t<\/span>\n\t\t\t\t\t<\/a>\n\t\t\t\t<\/div>\n\t\t\t\t\t\t\t\t<\/div>\n\t\t\t\t<\/div>\n\t\t\t\t<\/div>\n\t\t<div class=\"elementor-element elementor-element-12bac43 e-con-full e-flex e-con e-child\" data-id=\"12bac43\" data-element_type=\"container\" data-settings=\"{&quot;background_background&quot;:&quot;classic&quot;}\">\n\t\t\t\t<div class=\"elementor-element elementor-element-5a58622 elementor-widget elementor-widget-image\" data-id=\"5a58622\" data-element_type=\"widget\" data-widget_type=\"image.default\">\n\t\t\t\t<div class=\"elementor-widget-container\">\n\t\t\t\t\t\t\t\t\t\t\t\t\t\t\t<img fetchpriority=\"high\" decoding=\"async\" width=\"600\" height=\"400\" src=\"https:\/\/free-form.dk\/wp-content\/uploads\/2025\/09\/freeform_kompetencer_maskin.jpg\" class=\"attachment-large size-large wp-image-10318\" alt=\"\" srcset=\"https:\/\/free-form.dk\/wp-content\/uploads\/2025\/09\/freeform_kompetencer_maskin.jpg 600w, https:\/\/free-form.dk\/wp-content\/uploads\/2025\/09\/freeform_kompetencer_maskin-500x333.jpg 500w\" sizes=\"(max-width: 600px) 100vw, 600px\" \/>\t\t\t\t\t\t\t\t\t\t\t\t\t\t\t<\/div>\n\t\t\t\t<\/div>\n\t\t\t\t<div class=\"elementor-element elementor-element-6096c45 elementor-widget elementor-widget-heading\" data-id=\"6096c45\" data-element_type=\"widget\" data-widget_type=\"heading.default\">\n\t\t\t\t<div class=\"elementor-widget-container\">\n\t\t\t\t\t<h3 class=\"elementor-heading-title elementor-size-default\">Blisterverpackungsmaschine \u2013 WS 525 mit Beckhoff Control System Option<\/h3>\t\t\t\t<\/div>\n\t\t\t\t<\/div>\n\t\t\t\t<\/div>\n\t\t<div class=\"elementor-element elementor-element-9dd0394 e-con-full e-flex e-con e-child\" data-id=\"9dd0394\" data-element_type=\"container\" data-settings=\"{&quot;background_background&quot;:&quot;classic&quot;}\">\n\t\t\t\t<div class=\"elementor-element elementor-element-cb41266 elementor-widget elementor-widget-image\" data-id=\"cb41266\" data-element_type=\"widget\" data-widget_type=\"image.default\">\n\t\t\t\t<div class=\"elementor-widget-container\">\n\t\t\t\t\t\t\t\t\t\t\t\t\t\t\t\t<a href=\"https:\/\/free-form.dk\/wp-content\/uploads\/2025\/09\/Primed-Halberstadt-forming-tool.jpg\" data-elementor-open-lightbox=\"yes\" data-e-action-hash=\"#elementor-action%3Aaction%3Dlightbox%26settings%3DeyJpZCI6MTAzOTYsInVybCI6Imh0dHBzOlwvXC9mcmVlLWZvcm0uZGtcL3dwLWNvbnRlbnRcL3VwbG9hZHNcLzIwMjVcLzA5XC9QcmltZWQtSGFsYmVyc3RhZHQtZm9ybWluZy10b29sLmpwZyJ9\" data-rel=\"-image-0\" data-rl_title=\"\" data-rl_caption=\"\" title=\"\">\n\t\t\t\t\t\t\t<img decoding=\"async\" width=\"699\" height=\"720\" src=\"https:\/\/free-form.dk\/wp-content\/uploads\/2025\/09\/Primed-Halberstadt-forming-tool.jpg\" class=\"attachment-large size-large wp-image-10396\" alt=\"\" srcset=\"https:\/\/free-form.dk\/wp-content\/uploads\/2025\/09\/Primed-Halberstadt-forming-tool.jpg 699w, https:\/\/free-form.dk\/wp-content\/uploads\/2025\/09\/Primed-Halberstadt-forming-tool-485x500.jpg 485w\" sizes=\"(max-width: 699px) 100vw, 699px\" \/>\t\t\t\t\t\t\t\t<\/a>\n\t\t\t\t\t\t\t\t\t\t\t\t\t\t\t<\/div>\n\t\t\t\t<\/div>\n\t\t\t\t<div class=\"elementor-element elementor-element-cdb5e13 elementor-widget elementor-widget-heading\" data-id=\"cdb5e13\" data-element_type=\"widget\" data-widget_type=\"heading.default\">\n\t\t\t\t<div class=\"elementor-widget-container\">\n\t\t\t\t\t<h3 class=\"elementor-heading-title elementor-size-default\">Kombiniertes Form- und Schwei\u00dfwerkzeug<\/h3>\t\t\t\t<\/div>\n\t\t\t\t<\/div>\n\t\t\t\t<\/div>\n\t\t\t\t\t<\/div>\n\t\t\t\t<\/div>\n\t\t\t\t<\/div>\n\t\t","protected":false},"excerpt":{"rendered":"<p>Willkommen bei Mehr als 30 Jahre Erfahrung Einzigartige und innovative Blisterverpackungsmaschine FreeForm A\/S produziert und liefert die einzigartige halbautomatische Blisterverpackungsmaschine FreeForm WS525 f\u00fcr kombiniertes Formen, Verpacken und Schwei\u00dfen auf ein und derselben Maschine. Mit einer Vielzahl von optionalen Erweiterungen k\u00f6nnen wir eine Verpackungsmaschine ma\u00dfschneidern, die genau Ihren Bed\u00fcrfnissen und W\u00fcnschen entspricht. FreeForm WS525 produziert optimale &#8230; <a title=\"Blisterverpackungsmaschine \u2013 WS 525\" class=\"read-more\" href=\"https:\/\/free-form.dk\/de\/blisterverpackungsmaschine-ws-525\/\" aria-label=\"Mehr Informationen \u00fcber Blisterverpackungsmaschine \u2013 WS 525\">Weiterlesen &#8230;<\/a><\/p>\n","protected":false},"author":5,"featured_media":10318,"parent":0,"menu_order":1004,"comment_status":"closed","ping_status":"closed","template":"","meta":{"_acf_changed":false,"footnotes":""},"categories":[83],"class_list":{"0":"post-10571","1":"page","2":"type-page","3":"status-publish","4":"has-post-thumbnail","6":"category-leistungen"},"acf":[],"yoast_head":"<!-- This site is optimized with the Yoast SEO plugin v27.4 - https:\/\/yoast.com\/product\/yoast-seo-wordpress\/ -->\n<title>Blisterverpackungsmaschine \u2013 WS 525 | FREE-FORM A\/S<\/title>\n<meta name=\"robots\" content=\"index, follow, max-snippet:-1, max-image-preview:large, max-video-preview:-1\" \/>\n<link rel=\"canonical\" href=\"https:\/\/free-form.dk\/de\/blisterverpackungsmaschine-ws-525\/\" \/>\n<meta property=\"og:locale\" content=\"de_DE\" \/>\n<meta property=\"og:type\" content=\"article\" \/>\n<meta property=\"og:title\" content=\"Blisterverpackungsmaschine \u2013 WS 525 | FREE-FORM A\/S\" \/>\n<meta property=\"og:description\" content=\"Willkommen bei Mehr als 30 Jahre Erfahrung Einzigartige und innovative Blisterverpackungsmaschine FreeForm A\/S produziert und liefert die einzigartige halbautomatische Blisterverpackungsmaschine FreeForm WS525 f\u00fcr kombiniertes Formen, Verpacken und Schwei\u00dfen auf ein und derselben Maschine. Mit einer Vielzahl von optionalen Erweiterungen k\u00f6nnen wir eine Verpackungsmaschine ma\u00dfschneidern, die genau Ihren Bed\u00fcrfnissen und W\u00fcnschen entspricht. FreeForm WS525 produziert optimale ... Weiterlesen ...\" \/>\n<meta property=\"og:url\" content=\"https:\/\/free-form.dk\/de\/blisterverpackungsmaschine-ws-525\/\" \/>\n<meta property=\"og:site_name\" content=\"FREE-FORM A\/S\" \/>\n<meta property=\"article:modified_time\" content=\"2025-10-20T05:47:44+00:00\" \/>\n<meta property=\"og:image\" content=\"https:\/\/free-form.dk\/wp-content\/uploads\/2025\/09\/freeform_kompetencer_maskin.jpg\" \/>\n\t<meta property=\"og:image:width\" content=\"600\" \/>\n\t<meta property=\"og:image:height\" content=\"400\" \/>\n\t<meta property=\"og:image:type\" content=\"image\/jpeg\" \/>\n<meta name=\"twitter:card\" content=\"summary_large_image\" \/>\n<meta name=\"twitter:label1\" content=\"Gesch\u00e4tzte Lesezeit\" \/>\n\t<meta name=\"twitter:data1\" content=\"1\u00a0Minute\" \/>\n<script type=\"application\/ld+json\" class=\"yoast-schema-graph\">{\"@context\":\"https:\\\/\\\/schema.org\",\"@graph\":[{\"@type\":\"WebPage\",\"@id\":\"https:\\\/\\\/free-form.dk\\\/de\\\/blisterverpackungsmaschine-ws-525\\\/\",\"url\":\"https:\\\/\\\/free-form.dk\\\/de\\\/blisterverpackungsmaschine-ws-525\\\/\",\"name\":\"Blisterverpackungsmaschine \u2013 WS 525 | FREE-FORM A\\\/S\",\"isPartOf\":{\"@id\":\"https:\\\/\\\/free-form.dk\\\/de\\\/#website\"},\"primaryImageOfPage\":{\"@id\":\"https:\\\/\\\/free-form.dk\\\/de\\\/blisterverpackungsmaschine-ws-525\\\/#primaryimage\"},\"image\":{\"@id\":\"https:\\\/\\\/free-form.dk\\\/de\\\/blisterverpackungsmaschine-ws-525\\\/#primaryimage\"},\"thumbnailUrl\":\"https:\\\/\\\/free-form.dk\\\/wp-content\\\/uploads\\\/2025\\\/09\\\/freeform_kompetencer_maskin.jpg\",\"datePublished\":\"2025-09-25T11:31:22+00:00\",\"dateModified\":\"2025-10-20T05:47:44+00:00\",\"breadcrumb\":{\"@id\":\"https:\\\/\\\/free-form.dk\\\/de\\\/blisterverpackungsmaschine-ws-525\\\/#breadcrumb\"},\"inLanguage\":\"de\",\"potentialAction\":[{\"@type\":\"ReadAction\",\"target\":[\"https:\\\/\\\/free-form.dk\\\/de\\\/blisterverpackungsmaschine-ws-525\\\/\"]}]},{\"@type\":\"ImageObject\",\"inLanguage\":\"de\",\"@id\":\"https:\\\/\\\/free-form.dk\\\/de\\\/blisterverpackungsmaschine-ws-525\\\/#primaryimage\",\"url\":\"https:\\\/\\\/free-form.dk\\\/wp-content\\\/uploads\\\/2025\\\/09\\\/freeform_kompetencer_maskin.jpg\",\"contentUrl\":\"https:\\\/\\\/free-form.dk\\\/wp-content\\\/uploads\\\/2025\\\/09\\\/freeform_kompetencer_maskin.jpg\",\"width\":600,\"height\":400},{\"@type\":\"BreadcrumbList\",\"@id\":\"https:\\\/\\\/free-form.dk\\\/de\\\/blisterverpackungsmaschine-ws-525\\\/#breadcrumb\",\"itemListElement\":[{\"@type\":\"ListItem\",\"position\":1,\"name\":\"Forside\",\"item\":\"https:\\\/\\\/free-form.dk\\\/de\\\/startseite\\\/\"},{\"@type\":\"ListItem\",\"position\":2,\"name\":\"Blisterverpackungsmaschine \u2013 WS 525\"}]},{\"@type\":\"WebSite\",\"@id\":\"https:\\\/\\\/free-form.dk\\\/de\\\/#website\",\"url\":\"https:\\\/\\\/free-form.dk\\\/de\\\/\",\"name\":\"FREE-FORM A\\\/S\",\"description\":\"Fokus p\u00e5 arbejdet og servicering af vores kunder\",\"publisher\":{\"@id\":\"https:\\\/\\\/free-form.dk\\\/de\\\/#organization\"},\"potentialAction\":[{\"@type\":\"SearchAction\",\"target\":{\"@type\":\"EntryPoint\",\"urlTemplate\":\"https:\\\/\\\/free-form.dk\\\/de\\\/?s={search_term_string}\"},\"query-input\":{\"@type\":\"PropertyValueSpecification\",\"valueRequired\":true,\"valueName\":\"search_term_string\"}}],\"inLanguage\":\"de\"},{\"@type\":\"Organization\",\"@id\":\"https:\\\/\\\/free-form.dk\\\/de\\\/#organization\",\"name\":\"FREE-FORM A\\\/S\",\"url\":\"https:\\\/\\\/free-form.dk\\\/de\\\/\",\"logo\":{\"@type\":\"ImageObject\",\"inLanguage\":\"de\",\"@id\":\"https:\\\/\\\/free-form.dk\\\/de\\\/#\\\/schema\\\/logo\\\/image\\\/\",\"url\":\"https:\\\/\\\/free-form.dk\\\/wp-content\\\/uploads\\\/2025\\\/09\\\/Free-logo.png\",\"contentUrl\":\"https:\\\/\\\/free-form.dk\\\/wp-content\\\/uploads\\\/2025\\\/09\\\/Free-logo.png\",\"width\":935,\"height\":198,\"caption\":\"FREE-FORM A\\\/S\"},\"image\":{\"@id\":\"https:\\\/\\\/free-form.dk\\\/de\\\/#\\\/schema\\\/logo\\\/image\\\/\"}}]}<\/script>\n<!-- \/ Yoast SEO plugin. -->","yoast_head_json":{"title":"Blisterverpackungsmaschine \u2013 WS 525 | FREE-FORM A\/S","robots":{"index":"index","follow":"follow","max-snippet":"max-snippet:-1","max-image-preview":"max-image-preview:large","max-video-preview":"max-video-preview:-1"},"canonical":"https:\/\/free-form.dk\/de\/blisterverpackungsmaschine-ws-525\/","og_locale":"de_DE","og_type":"article","og_title":"Blisterverpackungsmaschine \u2013 WS 525 | FREE-FORM A\/S","og_description":"Willkommen bei Mehr als 30 Jahre Erfahrung Einzigartige und innovative Blisterverpackungsmaschine FreeForm A\/S produziert und liefert die einzigartige halbautomatische Blisterverpackungsmaschine FreeForm WS525 f\u00fcr kombiniertes Formen, Verpacken und Schwei\u00dfen auf ein und derselben Maschine. Mit einer Vielzahl von optionalen Erweiterungen k\u00f6nnen wir eine Verpackungsmaschine ma\u00dfschneidern, die genau Ihren Bed\u00fcrfnissen und W\u00fcnschen entspricht. FreeForm WS525 produziert optimale ... Weiterlesen ...","og_url":"https:\/\/free-form.dk\/de\/blisterverpackungsmaschine-ws-525\/","og_site_name":"FREE-FORM A\/S","article_modified_time":"2025-10-20T05:47:44+00:00","og_image":[{"width":600,"height":400,"url":"https:\/\/free-form.dk\/wp-content\/uploads\/2025\/09\/freeform_kompetencer_maskin.jpg","type":"image\/jpeg"}],"twitter_card":"summary_large_image","twitter_misc":{"Gesch\u00e4tzte Lesezeit":"1\u00a0Minute"},"schema":{"@context":"https:\/\/schema.org","@graph":[{"@type":"WebPage","@id":"https:\/\/free-form.dk\/de\/blisterverpackungsmaschine-ws-525\/","url":"https:\/\/free-form.dk\/de\/blisterverpackungsmaschine-ws-525\/","name":"Blisterverpackungsmaschine \u2013 WS 525 | FREE-FORM A\/S","isPartOf":{"@id":"https:\/\/free-form.dk\/de\/#website"},"primaryImageOfPage":{"@id":"https:\/\/free-form.dk\/de\/blisterverpackungsmaschine-ws-525\/#primaryimage"},"image":{"@id":"https:\/\/free-form.dk\/de\/blisterverpackungsmaschine-ws-525\/#primaryimage"},"thumbnailUrl":"https:\/\/free-form.dk\/wp-content\/uploads\/2025\/09\/freeform_kompetencer_maskin.jpg","datePublished":"2025-09-25T11:31:22+00:00","dateModified":"2025-10-20T05:47:44+00:00","breadcrumb":{"@id":"https:\/\/free-form.dk\/de\/blisterverpackungsmaschine-ws-525\/#breadcrumb"},"inLanguage":"de","potentialAction":[{"@type":"ReadAction","target":["https:\/\/free-form.dk\/de\/blisterverpackungsmaschine-ws-525\/"]}]},{"@type":"ImageObject","inLanguage":"de","@id":"https:\/\/free-form.dk\/de\/blisterverpackungsmaschine-ws-525\/#primaryimage","url":"https:\/\/free-form.dk\/wp-content\/uploads\/2025\/09\/freeform_kompetencer_maskin.jpg","contentUrl":"https:\/\/free-form.dk\/wp-content\/uploads\/2025\/09\/freeform_kompetencer_maskin.jpg","width":600,"height":400},{"@type":"BreadcrumbList","@id":"https:\/\/free-form.dk\/de\/blisterverpackungsmaschine-ws-525\/#breadcrumb","itemListElement":[{"@type":"ListItem","position":1,"name":"Forside","item":"https:\/\/free-form.dk\/de\/startseite\/"},{"@type":"ListItem","position":2,"name":"Blisterverpackungsmaschine \u2013 WS 525"}]},{"@type":"WebSite","@id":"https:\/\/free-form.dk\/de\/#website","url":"https:\/\/free-form.dk\/de\/","name":"FREE-FORM A\/S","description":"Fokus p\u00e5 arbejdet og servicering af vores kunder","publisher":{"@id":"https:\/\/free-form.dk\/de\/#organization"},"potentialAction":[{"@type":"SearchAction","target":{"@type":"EntryPoint","urlTemplate":"https:\/\/free-form.dk\/de\/?s={search_term_string}"},"query-input":{"@type":"PropertyValueSpecification","valueRequired":true,"valueName":"search_term_string"}}],"inLanguage":"de"},{"@type":"Organization","@id":"https:\/\/free-form.dk\/de\/#organization","name":"FREE-FORM A\/S","url":"https:\/\/free-form.dk\/de\/","logo":{"@type":"ImageObject","inLanguage":"de","@id":"https:\/\/free-form.dk\/de\/#\/schema\/logo\/image\/","url":"https:\/\/free-form.dk\/wp-content\/uploads\/2025\/09\/Free-logo.png","contentUrl":"https:\/\/free-form.dk\/wp-content\/uploads\/2025\/09\/Free-logo.png","width":935,"height":198,"caption":"FREE-FORM A\/S"},"image":{"@id":"https:\/\/free-form.dk\/de\/#\/schema\/logo\/image\/"}}]}},"_links":{"self":[{"href":"https:\/\/free-form.dk\/de\/wp-json\/wp\/v2\/pages\/10571","targetHints":{"allow":["GET"]}}],"collection":[{"href":"https:\/\/free-form.dk\/de\/wp-json\/wp\/v2\/pages"}],"about":[{"href":"https:\/\/free-form.dk\/de\/wp-json\/wp\/v2\/types\/page"}],"author":[{"embeddable":true,"href":"https:\/\/free-form.dk\/de\/wp-json\/wp\/v2\/users\/5"}],"replies":[{"embeddable":true,"href":"https:\/\/free-form.dk\/de\/wp-json\/wp\/v2\/comments?post=10571"}],"version-history":[{"count":1,"href":"https:\/\/free-form.dk\/de\/wp-json\/wp\/v2\/pages\/10571\/revisions"}],"predecessor-version":[{"id":10572,"href":"https:\/\/free-form.dk\/de\/wp-json\/wp\/v2\/pages\/10571\/revisions\/10572"}],"wp:featuredmedia":[{"embeddable":true,"href":"https:\/\/free-form.dk\/de\/wp-json\/wp\/v2\/media\/10318"}],"wp:attachment":[{"href":"https:\/\/free-form.dk\/de\/wp-json\/wp\/v2\/media?parent=10571"}],"wp:term":[{"taxonomy":"category","embeddable":true,"href":"https:\/\/free-form.dk\/de\/wp-json\/wp\/v2\/categories?post=10571"}],"curies":[{"name":"wp","href":"https:\/\/api.w.org\/{rel}","templated":true}]}}