{"id":10575,"date":"2025-09-25T13:31:22","date_gmt":"2025-09-25T11:31:22","guid":{"rendered":"https:\/\/free-form.dk\/messer\/"},"modified":"2025-10-24T13:32:01","modified_gmt":"2025-10-24T11:32:01","slug":"messer","status":"publish","type":"page","link":"https:\/\/free-form.dk\/de\/messer\/","title":{"rendered":"Messer"},"content":{"rendered":"\t\t<div data-elementor-type=\"wp-page\" data-elementor-id=\"10575\" class=\"elementor elementor-10575 elementor-9937\" data-elementor-post-type=\"page\">\n\t\t\t\t<div class=\"elementor-element elementor-element-49a03362 white e-flex e-con-boxed e-con e-parent\" data-id=\"49a03362\" data-element_type=\"container\" data-settings=\"{&quot;background_background&quot;:&quot;video&quot;,&quot;background_video_link&quot;:&quot;https:\\\/\\\/gostmediaserviceprod.blob.core.windows.net\\\/asset-2575b13b-7570-4f2e-8c24-2de670e7cbe2\\\/Free-form-CNC-fraeser-Header-vid_1920x1080_4700k.mp4&quot;,&quot;background_play_on_mobile&quot;:&quot;yes&quot;}\">\n\t\t\t\t\t<div class=\"e-con-inner\">\n\t\t<div class=\"elementor-background-video-container\" aria-hidden=\"true\">\n\t\t\t\t\t\t\t<video class=\"elementor-background-video-hosted\" autoplay muted playsinline loop><\/video>\n\t\t\t\t\t<\/div><div class=\"elementor-element elementor-element-122afb22 e-con-full e-flex e-con e-child\" data-id=\"122afb22\" data-element_type=\"container\">\n\t\t\t\t<div class=\"elementor-element elementor-element-52c13437 prehead elementor-widget elementor-widget-text-editor\" data-id=\"52c13437\" data-element_type=\"widget\" data-widget_type=\"text-editor.default\">\n\t\t\t\t<div class=\"elementor-widget-container\">\n\t\t\t\t\t\t\t\t\t<p>Willkommen bei  FREE-FORM A\/S<\/p>\t\t\t\t\t\t\t\t<\/div>\n\t\t\t\t<\/div>\n\t\t\t\t<div class=\"elementor-element elementor-element-3d037fea elementor-widget elementor-widget-heading\" data-id=\"3d037fea\" data-element_type=\"widget\" data-widget_type=\"heading.default\">\n\t\t\t\t<div class=\"elementor-widget-container\">\n\t\t\t\t\t<h1 class=\"elementor-heading-title elementor-size-default\">Messer<\/h1>\t\t\t\t<\/div>\n\t\t\t\t<\/div>\n\t\t\t\t<\/div>\n\t\t\t\t\t<\/div>\n\t\t\t\t<\/div>\n\t\t<div class=\"elementor-element elementor-element-2183c9dc e-flex e-con-boxed e-con e-parent\" data-id=\"2183c9dc\" data-element_type=\"container\">\n\t\t\t\t\t<div class=\"e-con-inner\">\n\t\t<div class=\"elementor-element elementor-element-7ca0bb67 e-con-full e-flex e-con e-child\" data-id=\"7ca0bb67\" data-element_type=\"container\">\n\t\t\t\t<div class=\"elementor-element elementor-element-82df95e elementor-widget elementor-widget-text-editor\" data-id=\"82df95e\" data-element_type=\"widget\" data-widget_type=\"text-editor.default\">\n\t\t\t\t<div class=\"elementor-widget-container\">\n\t\t\t\t\t\t\t\t\t<h2>Rasierklingenscharfe Pr\u00e4zision<\/h2><p>FreeForm A\/S stellt Bandstahl-Stanzmesser f\u00fcr Thermoformwerkzeuge her. Bandstahl-Stanzmesser werden als fest, schwimmend oder selbstnivellierend hergestellt. Die Messer werden auf unseren CNC-gesteuerten Biegemaschinen produziert, was eine sehr hohe Wiederholgenauigkeit gew\u00e4hrleistet.<\/p><p>Wir bieten auch gefr\u00e4ste Messer an, die auf unseren CNC-Fr\u00e4smaschinen hergestellt werden.<\/p>\t\t\t\t\t\t\t\t<\/div>\n\t\t\t\t<\/div>\n\t\t\t\t<\/div>\n\t\t<div class=\"elementor-element elementor-element-7afb040a e-con-full e-flex e-con e-child\" data-id=\"7afb040a\" data-element_type=\"container\" data-settings=\"{&quot;background_background&quot;:&quot;classic&quot;}\">\n\t\t\t\t<\/div>\n\t\t\t\t\t<\/div>\n\t\t\t\t<\/div>\n\t\t<div class=\"elementor-element elementor-element-c52d166 light e-flex e-con-boxed e-con e-parent\" data-id=\"c52d166\" data-element_type=\"container\">\n\t\t\t\t\t<div class=\"e-con-inner\">\n\t\t<div class=\"elementor-element elementor-element-20f9538 e-con-full e-flex e-con e-child\" data-id=\"20f9538\" data-element_type=\"container\" data-settings=\"{&quot;background_background&quot;:&quot;classic&quot;}\">\n\t\t\t\t<div class=\"elementor-element elementor-element-2d61435 elementor-widget elementor-widget-image\" data-id=\"2d61435\" data-element_type=\"widget\" data-widget_type=\"image.default\">\n\t\t\t\t<div class=\"elementor-widget-container\">\n\t\t\t\t\t\t\t\t\t\t\t\t\t\t\t<img fetchpriority=\"high\" decoding=\"async\" width=\"1000\" height=\"667\" src=\"https:\/\/free-form.dk\/wp-content\/uploads\/2025\/09\/IMG_1276-1000x667.jpg\" class=\"attachment-large size-large wp-image-10494\" alt=\"\" srcset=\"https:\/\/free-form.dk\/wp-content\/uploads\/2025\/09\/IMG_1276-1000x667.jpg 1000w, https:\/\/free-form.dk\/wp-content\/uploads\/2025\/09\/IMG_1276-500x333.jpg 500w, https:\/\/free-form.dk\/wp-content\/uploads\/2025\/09\/IMG_1276-768x512.jpg 768w, https:\/\/free-form.dk\/wp-content\/uploads\/2025\/09\/IMG_1276.jpg 1080w\" sizes=\"(max-width: 1000px) 100vw, 1000px\" \/>\t\t\t\t\t\t\t\t\t\t\t\t\t\t\t<\/div>\n\t\t\t\t<\/div>\n\t\t\t\t<div class=\"elementor-element elementor-element-59e99aa elementor-widget elementor-widget-heading\" data-id=\"59e99aa\" data-element_type=\"widget\" data-widget_type=\"heading.default\">\n\t\t\t\t<div class=\"elementor-widget-container\">\n\t\t\t\t\t<h3 class=\"elementor-heading-title elementor-size-default\">Selbstzentrierende Messer<\/h3>\t\t\t\t<\/div>\n\t\t\t\t<\/div>\n\t\t\t\t<\/div>\n\t\t<div class=\"elementor-element elementor-element-8d5e8bf e-con-full e-flex e-con e-child\" data-id=\"8d5e8bf\" data-element_type=\"container\" data-settings=\"{&quot;background_background&quot;:&quot;classic&quot;}\">\n\t\t\t\t<div class=\"elementor-element elementor-element-fc48065 elementor-widget elementor-widget-image\" data-id=\"fc48065\" data-element_type=\"widget\" data-widget_type=\"image.default\">\n\t\t\t\t<div class=\"elementor-widget-container\">\n\t\t\t\t\t\t\t\t\t\t\t\t\t\t\t<img decoding=\"async\" width=\"980\" height=\"720\" src=\"https:\/\/free-form.dk\/wp-content\/uploads\/2025\/09\/IMG_1282.jpg\" class=\"attachment-large size-large wp-image-10496\" alt=\"\" srcset=\"https:\/\/free-form.dk\/wp-content\/uploads\/2025\/09\/IMG_1282.jpg 980w, https:\/\/free-form.dk\/wp-content\/uploads\/2025\/09\/IMG_1282-500x367.jpg 500w, https:\/\/free-form.dk\/wp-content\/uploads\/2025\/09\/IMG_1282-768x564.jpg 768w\" sizes=\"(max-width: 980px) 100vw, 980px\" \/>\t\t\t\t\t\t\t\t\t\t\t\t\t\t\t<\/div>\n\t\t\t\t<\/div>\n\t\t\t\t<div class=\"elementor-element elementor-element-ca6be57 elementor-widget elementor-widget-heading\" data-id=\"ca6be57\" data-element_type=\"widget\" data-widget_type=\"heading.default\">\n\t\t\t\t<div class=\"elementor-widget-container\">\n\t\t\t\t\t<h3 class=\"elementor-heading-title elementor-size-default\">St\u00e4nder auf zwei Ebenen<\/h3>\t\t\t\t<\/div>\n\t\t\t\t<\/div>\n\t\t\t\t<\/div>\n\t\t\t\t\t<\/div>\n\t\t\t\t<\/div>\n\t\t\t\t<\/div>\n\t\t","protected":false},"excerpt":{"rendered":"<p>Willkommen bei Rasierklingenscharfe Pr\u00e4zision FreeForm A\/S stellt Bandstahl-Stanzmesser f\u00fcr Thermoformwerkzeuge her. Bandstahl-Stanzmesser werden als fest, schwimmend oder selbstnivellierend hergestellt. Die Messer werden auf unseren CNC-gesteuerten Biegemaschinen produziert, was eine sehr hohe Wiederholgenauigkeit gew\u00e4hrleistet. Wir bieten auch gefr\u00e4ste Messer an, die auf unseren CNC-Fr\u00e4smaschinen hergestellt werden. Selbstzentrierende Messer St\u00e4nder auf zwei Ebenen<\/p>\n","protected":false},"author":5,"featured_media":10316,"parent":0,"menu_order":1005,"comment_status":"closed","ping_status":"closed","template":"","meta":{"_acf_changed":false,"footnotes":""},"categories":[25],"class_list":{"0":"post-10575","1":"page","2":"type-page","3":"status-publish","4":"has-post-thumbnail","6":"category-ydelser"},"acf":[],"yoast_head":"<!-- This site is optimized with the Yoast SEO plugin v27.4 - https:\/\/yoast.com\/product\/yoast-seo-wordpress\/ -->\n<title>Messer | FREE-FORM A\/S<\/title>\n<meta name=\"robots\" content=\"index, follow, max-snippet:-1, max-image-preview:large, max-video-preview:-1\" \/>\n<link rel=\"canonical\" href=\"https:\/\/free-form.dk\/de\/messer\/\" \/>\n<meta property=\"og:locale\" content=\"de_DE\" \/>\n<meta property=\"og:type\" content=\"article\" \/>\n<meta property=\"og:title\" content=\"Messer | FREE-FORM A\/S\" \/>\n<meta property=\"og:description\" content=\"Willkommen bei Rasierklingenscharfe Pr\u00e4zision FreeForm A\/S stellt Bandstahl-Stanzmesser f\u00fcr Thermoformwerkzeuge her. Bandstahl-Stanzmesser werden als fest, schwimmend oder selbstnivellierend hergestellt. Die Messer werden auf unseren CNC-gesteuerten Biegemaschinen produziert, was eine sehr hohe Wiederholgenauigkeit gew\u00e4hrleistet. Wir bieten auch gefr\u00e4ste Messer an, die auf unseren CNC-Fr\u00e4smaschinen hergestellt werden. Selbstzentrierende Messer St\u00e4nder auf zwei Ebenen\" \/>\n<meta property=\"og:url\" content=\"https:\/\/free-form.dk\/de\/messer\/\" \/>\n<meta property=\"og:site_name\" content=\"FREE-FORM A\/S\" \/>\n<meta property=\"article:modified_time\" content=\"2025-10-24T11:32:01+00:00\" \/>\n<meta property=\"og:image\" content=\"https:\/\/free-form.dk\/wp-content\/uploads\/2025\/09\/freeform_kompetencer_knive.jpg\" \/>\n\t<meta property=\"og:image:width\" content=\"600\" \/>\n\t<meta property=\"og:image:height\" content=\"400\" \/>\n\t<meta property=\"og:image:type\" content=\"image\/jpeg\" \/>\n<meta name=\"twitter:card\" content=\"summary_large_image\" \/>\n<script type=\"application\/ld+json\" class=\"yoast-schema-graph\">{\"@context\":\"https:\\\/\\\/schema.org\",\"@graph\":[{\"@type\":\"WebPage\",\"@id\":\"https:\\\/\\\/free-form.dk\\\/de\\\/messer\\\/\",\"url\":\"https:\\\/\\\/free-form.dk\\\/de\\\/messer\\\/\",\"name\":\"Messer | FREE-FORM A\\\/S\",\"isPartOf\":{\"@id\":\"https:\\\/\\\/free-form.dk\\\/de\\\/#website\"},\"primaryImageOfPage\":{\"@id\":\"https:\\\/\\\/free-form.dk\\\/de\\\/messer\\\/#primaryimage\"},\"image\":{\"@id\":\"https:\\\/\\\/free-form.dk\\\/de\\\/messer\\\/#primaryimage\"},\"thumbnailUrl\":\"https:\\\/\\\/free-form.dk\\\/wp-content\\\/uploads\\\/2025\\\/09\\\/freeform_kompetencer_knive.jpg\",\"datePublished\":\"2025-09-25T11:31:22+00:00\",\"dateModified\":\"2025-10-24T11:32:01+00:00\",\"breadcrumb\":{\"@id\":\"https:\\\/\\\/free-form.dk\\\/de\\\/messer\\\/#breadcrumb\"},\"inLanguage\":\"de\",\"potentialAction\":[{\"@type\":\"ReadAction\",\"target\":[\"https:\\\/\\\/free-form.dk\\\/de\\\/messer\\\/\"]}]},{\"@type\":\"ImageObject\",\"inLanguage\":\"de\",\"@id\":\"https:\\\/\\\/free-form.dk\\\/de\\\/messer\\\/#primaryimage\",\"url\":\"https:\\\/\\\/free-form.dk\\\/wp-content\\\/uploads\\\/2025\\\/09\\\/freeform_kompetencer_knive.jpg\",\"contentUrl\":\"https:\\\/\\\/free-form.dk\\\/wp-content\\\/uploads\\\/2025\\\/09\\\/freeform_kompetencer_knive.jpg\",\"width\":600,\"height\":400},{\"@type\":\"BreadcrumbList\",\"@id\":\"https:\\\/\\\/free-form.dk\\\/de\\\/messer\\\/#breadcrumb\",\"itemListElement\":[{\"@type\":\"ListItem\",\"position\":1,\"name\":\"Forside\",\"item\":\"https:\\\/\\\/free-form.dk\\\/de\\\/startseite\\\/\"},{\"@type\":\"ListItem\",\"position\":2,\"name\":\"Messer\"}]},{\"@type\":\"WebSite\",\"@id\":\"https:\\\/\\\/free-form.dk\\\/de\\\/#website\",\"url\":\"https:\\\/\\\/free-form.dk\\\/de\\\/\",\"name\":\"FREE-FORM A\\\/S\",\"description\":\"Fokus p\u00e5 arbejdet og servicering af vores kunder\",\"publisher\":{\"@id\":\"https:\\\/\\\/free-form.dk\\\/de\\\/#organization\"},\"potentialAction\":[{\"@type\":\"SearchAction\",\"target\":{\"@type\":\"EntryPoint\",\"urlTemplate\":\"https:\\\/\\\/free-form.dk\\\/de\\\/?s={search_term_string}\"},\"query-input\":{\"@type\":\"PropertyValueSpecification\",\"valueRequired\":true,\"valueName\":\"search_term_string\"}}],\"inLanguage\":\"de\"},{\"@type\":\"Organization\",\"@id\":\"https:\\\/\\\/free-form.dk\\\/de\\\/#organization\",\"name\":\"FREE-FORM A\\\/S\",\"url\":\"https:\\\/\\\/free-form.dk\\\/de\\\/\",\"logo\":{\"@type\":\"ImageObject\",\"inLanguage\":\"de\",\"@id\":\"https:\\\/\\\/free-form.dk\\\/de\\\/#\\\/schema\\\/logo\\\/image\\\/\",\"url\":\"https:\\\/\\\/free-form.dk\\\/wp-content\\\/uploads\\\/2025\\\/09\\\/Free-logo.png\",\"contentUrl\":\"https:\\\/\\\/free-form.dk\\\/wp-content\\\/uploads\\\/2025\\\/09\\\/Free-logo.png\",\"width\":935,\"height\":198,\"caption\":\"FREE-FORM A\\\/S\"},\"image\":{\"@id\":\"https:\\\/\\\/free-form.dk\\\/de\\\/#\\\/schema\\\/logo\\\/image\\\/\"}}]}<\/script>\n<!-- \/ Yoast SEO plugin. -->","yoast_head_json":{"title":"Messer | FREE-FORM A\/S","robots":{"index":"index","follow":"follow","max-snippet":"max-snippet:-1","max-image-preview":"max-image-preview:large","max-video-preview":"max-video-preview:-1"},"canonical":"https:\/\/free-form.dk\/de\/messer\/","og_locale":"de_DE","og_type":"article","og_title":"Messer | FREE-FORM A\/S","og_description":"Willkommen bei Rasierklingenscharfe Pr\u00e4zision FreeForm A\/S stellt Bandstahl-Stanzmesser f\u00fcr Thermoformwerkzeuge her. Bandstahl-Stanzmesser werden als fest, schwimmend oder selbstnivellierend hergestellt. Die Messer werden auf unseren CNC-gesteuerten Biegemaschinen produziert, was eine sehr hohe Wiederholgenauigkeit gew\u00e4hrleistet. Wir bieten auch gefr\u00e4ste Messer an, die auf unseren CNC-Fr\u00e4smaschinen hergestellt werden. Selbstzentrierende Messer St\u00e4nder auf zwei Ebenen","og_url":"https:\/\/free-form.dk\/de\/messer\/","og_site_name":"FREE-FORM A\/S","article_modified_time":"2025-10-24T11:32:01+00:00","og_image":[{"width":600,"height":400,"url":"https:\/\/free-form.dk\/wp-content\/uploads\/2025\/09\/freeform_kompetencer_knive.jpg","type":"image\/jpeg"}],"twitter_card":"summary_large_image","schema":{"@context":"https:\/\/schema.org","@graph":[{"@type":"WebPage","@id":"https:\/\/free-form.dk\/de\/messer\/","url":"https:\/\/free-form.dk\/de\/messer\/","name":"Messer | FREE-FORM A\/S","isPartOf":{"@id":"https:\/\/free-form.dk\/de\/#website"},"primaryImageOfPage":{"@id":"https:\/\/free-form.dk\/de\/messer\/#primaryimage"},"image":{"@id":"https:\/\/free-form.dk\/de\/messer\/#primaryimage"},"thumbnailUrl":"https:\/\/free-form.dk\/wp-content\/uploads\/2025\/09\/freeform_kompetencer_knive.jpg","datePublished":"2025-09-25T11:31:22+00:00","dateModified":"2025-10-24T11:32:01+00:00","breadcrumb":{"@id":"https:\/\/free-form.dk\/de\/messer\/#breadcrumb"},"inLanguage":"de","potentialAction":[{"@type":"ReadAction","target":["https:\/\/free-form.dk\/de\/messer\/"]}]},{"@type":"ImageObject","inLanguage":"de","@id":"https:\/\/free-form.dk\/de\/messer\/#primaryimage","url":"https:\/\/free-form.dk\/wp-content\/uploads\/2025\/09\/freeform_kompetencer_knive.jpg","contentUrl":"https:\/\/free-form.dk\/wp-content\/uploads\/2025\/09\/freeform_kompetencer_knive.jpg","width":600,"height":400},{"@type":"BreadcrumbList","@id":"https:\/\/free-form.dk\/de\/messer\/#breadcrumb","itemListElement":[{"@type":"ListItem","position":1,"name":"Forside","item":"https:\/\/free-form.dk\/de\/startseite\/"},{"@type":"ListItem","position":2,"name":"Messer"}]},{"@type":"WebSite","@id":"https:\/\/free-form.dk\/de\/#website","url":"https:\/\/free-form.dk\/de\/","name":"FREE-FORM A\/S","description":"Fokus p\u00e5 arbejdet og servicering af vores kunder","publisher":{"@id":"https:\/\/free-form.dk\/de\/#organization"},"potentialAction":[{"@type":"SearchAction","target":{"@type":"EntryPoint","urlTemplate":"https:\/\/free-form.dk\/de\/?s={search_term_string}"},"query-input":{"@type":"PropertyValueSpecification","valueRequired":true,"valueName":"search_term_string"}}],"inLanguage":"de"},{"@type":"Organization","@id":"https:\/\/free-form.dk\/de\/#organization","name":"FREE-FORM A\/S","url":"https:\/\/free-form.dk\/de\/","logo":{"@type":"ImageObject","inLanguage":"de","@id":"https:\/\/free-form.dk\/de\/#\/schema\/logo\/image\/","url":"https:\/\/free-form.dk\/wp-content\/uploads\/2025\/09\/Free-logo.png","contentUrl":"https:\/\/free-form.dk\/wp-content\/uploads\/2025\/09\/Free-logo.png","width":935,"height":198,"caption":"FREE-FORM A\/S"},"image":{"@id":"https:\/\/free-form.dk\/de\/#\/schema\/logo\/image\/"}}]}},"_links":{"self":[{"href":"https:\/\/free-form.dk\/de\/wp-json\/wp\/v2\/pages\/10575","targetHints":{"allow":["GET"]}}],"collection":[{"href":"https:\/\/free-form.dk\/de\/wp-json\/wp\/v2\/pages"}],"about":[{"href":"https:\/\/free-form.dk\/de\/wp-json\/wp\/v2\/types\/page"}],"author":[{"embeddable":true,"href":"https:\/\/free-form.dk\/de\/wp-json\/wp\/v2\/users\/5"}],"replies":[{"embeddable":true,"href":"https:\/\/free-form.dk\/de\/wp-json\/wp\/v2\/comments?post=10575"}],"version-history":[{"count":4,"href":"https:\/\/free-form.dk\/de\/wp-json\/wp\/v2\/pages\/10575\/revisions"}],"predecessor-version":[{"id":10658,"href":"https:\/\/free-form.dk\/de\/wp-json\/wp\/v2\/pages\/10575\/revisions\/10658"}],"wp:featuredmedia":[{"embeddable":true,"href":"https:\/\/free-form.dk\/de\/wp-json\/wp\/v2\/media\/10316"}],"wp:attachment":[{"href":"https:\/\/free-form.dk\/de\/wp-json\/wp\/v2\/media?parent=10575"}],"wp:term":[{"taxonomy":"category","embeddable":true,"href":"https:\/\/free-form.dk\/de\/wp-json\/wp\/v2\/categories?post=10575"}],"curies":[{"name":"wp","href":"https:\/\/api.w.org\/{rel}","templated":true}]}}