{"id":10599,"date":"2025-09-25T13:31:22","date_gmt":"2025-09-25T11:31:22","guid":{"rendered":"https:\/\/free-form.dk\/ueber-uns\/"},"modified":"2025-10-20T07:48:22","modified_gmt":"2025-10-20T05:48:22","slug":"ueber-uns","status":"publish","type":"page","link":"https:\/\/free-form.dk\/de\/ueber-uns\/","title":{"rendered":"\u00dcber uns"},"content":{"rendered":"\t\t<div data-elementor-type=\"wp-page\" data-elementor-id=\"10599\" class=\"elementor elementor-10599 elementor-9932\" data-elementor-post-type=\"page\">\n\t\t\t\t<div class=\"elementor-element elementor-element-3473c84 white e-flex e-con-boxed e-con e-parent\" data-id=\"3473c84\" data-element_type=\"container\" data-settings=\"{&quot;background_background&quot;:&quot;video&quot;,&quot;background_video_link&quot;:&quot;https:\\\/\\\/gostmediaserviceprod.blob.core.windows.net\\\/asset-2575b13b-7570-4f2e-8c24-2de670e7cbe2\\\/Free-form-CNC-fraeser-Header-vid_1920x1080_4700k.mp4&quot;,&quot;background_play_on_mobile&quot;:&quot;yes&quot;}\">\n\t\t\t\t\t<div class=\"e-con-inner\">\n\t\t<div class=\"elementor-background-video-container\" aria-hidden=\"true\">\n\t\t\t\t\t\t\t<video class=\"elementor-background-video-hosted\" autoplay muted playsinline loop><\/video>\n\t\t\t\t\t<\/div><div class=\"elementor-element elementor-element-55ac6756 e-con-full e-flex e-con e-child\" data-id=\"55ac6756\" data-element_type=\"container\">\n\t\t\t\t<div class=\"elementor-element elementor-element-23b31621 prehead elementor-widget elementor-widget-text-editor\" data-id=\"23b31621\" data-element_type=\"widget\" data-widget_type=\"text-editor.default\">\n\t\t\t\t<div class=\"elementor-widget-container\">\n\t\t\t\t\t\t\t\t\t<p>Willkommen bei  FREE-FORM A\/S<\/p>\t\t\t\t\t\t\t\t<\/div>\n\t\t\t\t<\/div>\n\t\t\t\t<div class=\"elementor-element elementor-element-5f01b30 elementor-widget elementor-widget-heading\" data-id=\"5f01b30\" data-element_type=\"widget\" data-widget_type=\"heading.default\">\n\t\t\t\t<div class=\"elementor-widget-container\">\n\t\t\t\t\t<h1 class=\"elementor-heading-title elementor-size-default\">\u00dcber uns<\/h1>\t\t\t\t<\/div>\n\t\t\t\t<\/div>\n\t\t\t\t<\/div>\n\t\t\t\t\t<\/div>\n\t\t\t\t<\/div>\n\t\t<div class=\"elementor-element elementor-element-142f80e1 e-flex e-con-boxed e-con e-parent\" data-id=\"142f80e1\" data-element_type=\"container\">\n\t\t\t\t\t<div class=\"e-con-inner\">\n\t\t<div class=\"elementor-element elementor-element-6bd8bf3f e-con-full e-flex e-con e-child\" data-id=\"6bd8bf3f\" data-element_type=\"container\">\n\t\t\t\t<div class=\"elementor-element elementor-element-14385315 prehead elementor-widget elementor-widget-heading\" data-id=\"14385315\" data-element_type=\"widget\" data-widget_type=\"heading.default\">\n\t\t\t\t<div class=\"elementor-widget-container\">\n\t\t\t\t\t<h5 class=\"elementor-heading-title elementor-size-default\">Gegr\u00fcndet im Jahr 2000\n<\/h5>\t\t\t\t<\/div>\n\t\t\t\t<\/div>\n\t\t\t\t<div class=\"elementor-element elementor-element-3230690 elementor-widget elementor-widget-text-editor\" data-id=\"3230690\" data-element_type=\"widget\" data-widget_type=\"text-editor.default\">\n\t\t\t\t<div class=\"elementor-widget-container\">\n\t\t\t\t\t\t\t\t\t<h2>Willkommen bei FreeForm A\/S<\/h2><p>FreeForm A\/S wurde im Jahr 2000 von Direktor und Inhaber Morten S\u00f8rensen zu Hause in der Garage in Vejle gegr\u00fcndet.<\/p><p>FreeForm A\/S ist spezialisiert auf die Herstellung von hochqualitativen Pr\u00e4zisions-Thermoformwerkzeugen, Stanzformen, Messern usw. f\u00fcr Kunststoff- und Industrieunternehmen in D\u00e4nemark sowie im Ausland. Seit dem Start im Jahr 2000 ist FreeForm A\/S gro\u00df und stark geworden und gilt heute als marktf\u00fchrend in D\u00e4nemark in genau diesen Kompetenzbereichen.<\/p><p>Bei FreeForm A\/S stecken wir unsere ganze Seele in die Arbeit und die Betreuung unserer Kunden. Wir m\u00f6chten in enger Zusammenarbeit die Produktentwicklung unserer Kunden unterst\u00fctzen. Sowie Partner bei der Entwicklung der optimalen Verpackung des Produkts sein.<\/p><p>Ob Sie bereits Kunde sind oder neu bei uns sind, wir freuen uns darauf, eine effektive L\u00f6sung f\u00fcr Sie ma\u00dfzuschneidern.<\/p><p>Wir gehen niemals Kompromisse bei der Qualit\u00e4t ein.<\/p>\t\t\t\t\t\t\t\t<\/div>\n\t\t\t\t<\/div>\n\t\t\t\t<\/div>\n\t\t<div class=\"elementor-element elementor-element-2e6daca3 e-con-full e-flex e-con e-child\" data-id=\"2e6daca3\" data-element_type=\"container\" data-settings=\"{&quot;background_background&quot;:&quot;classic&quot;}\">\n\t\t\t\t<div class=\"elementor-element elementor-element-446dfb1 elementor-widget elementor-widget-image\" data-id=\"446dfb1\" data-element_type=\"widget\" data-widget_type=\"image.default\">\n\t\t\t\t<div class=\"elementor-widget-container\">\n\t\t\t\t\t\t\t\t\t\t\t\t\t\t\t<img fetchpriority=\"high\" decoding=\"async\" width=\"1000\" height=\"667\" src=\"https:\/\/free-form.dk\/wp-content\/uploads\/2025\/10\/P1000639-1-1000x667.jpg\" class=\"attachment-large size-large wp-image-10530\" alt=\"\" srcset=\"https:\/\/free-form.dk\/wp-content\/uploads\/2025\/10\/P1000639-1-1000x667.jpg 1000w, https:\/\/free-form.dk\/wp-content\/uploads\/2025\/10\/P1000639-1-500x333.jpg 500w, https:\/\/free-form.dk\/wp-content\/uploads\/2025\/10\/P1000639-1-768x512.jpg 768w, https:\/\/free-form.dk\/wp-content\/uploads\/2025\/10\/P1000639-1-1536x1024.jpg 1536w, https:\/\/free-form.dk\/wp-content\/uploads\/2025\/10\/P1000639-1-scaled.jpg 2048w\" sizes=\"(max-width: 1000px) 100vw, 1000px\" \/>\t\t\t\t\t\t\t\t\t\t\t\t\t\t\t<\/div>\n\t\t\t\t<\/div>\n\t\t\t\t<\/div>\n\t\t\t\t\t<\/div>\n\t\t\t\t<\/div>\n\t\t\t\t<\/div>\n\t\t","protected":false},"excerpt":{"rendered":"<p>Willkommen bei Gegr\u00fcndet im Jahr 2000 Willkommen bei FreeForm A\/S FreeForm A\/S wurde im Jahr 2000 von Direktor und Inhaber Morten S\u00f8rensen zu Hause in der Garage in Vejle gegr\u00fcndet. FreeForm A\/S ist spezialisiert auf die Herstellung von hochqualitativen Pr\u00e4zisions-Thermoformwerkzeugen, Stanzformen, Messern usw. f\u00fcr Kunststoff- und Industrieunternehmen in D\u00e4nemark sowie im Ausland. Seit dem Start &#8230; <a title=\"\u00dcber uns\" class=\"read-more\" href=\"https:\/\/free-form.dk\/de\/ueber-uns\/\" aria-label=\"Mehr Informationen \u00fcber \u00dcber uns\">Weiterlesen &#8230;<\/a><\/p>\n","protected":false},"author":5,"featured_media":0,"parent":0,"menu_order":1000,"comment_status":"closed","ping_status":"closed","template":"","meta":{"_acf_changed":false,"footnotes":""},"categories":[],"class_list":["post-10599","page","type-page","status-publish"],"acf":[],"yoast_head":"<!-- This site is optimized with the Yoast SEO plugin v27.5 - https:\/\/yoast.com\/product\/yoast-seo-wordpress\/ -->\n<title>\u00dcber uns | FREE-FORM A\/S<\/title>\n<meta name=\"robots\" content=\"index, follow, max-snippet:-1, max-image-preview:large, max-video-preview:-1\" \/>\n<link rel=\"canonical\" href=\"https:\/\/free-form.dk\/de\/ueber-uns\/\" \/>\n<meta property=\"og:locale\" content=\"de_DE\" \/>\n<meta property=\"og:type\" content=\"article\" \/>\n<meta property=\"og:title\" content=\"\u00dcber uns | FREE-FORM A\/S\" \/>\n<meta property=\"og:description\" content=\"Willkommen bei Gegr\u00fcndet im Jahr 2000 Willkommen bei FreeForm A\/S FreeForm A\/S wurde im Jahr 2000 von Direktor und Inhaber Morten S\u00f8rensen zu Hause in der Garage in Vejle gegr\u00fcndet. FreeForm A\/S ist spezialisiert auf die Herstellung von hochqualitativen Pr\u00e4zisions-Thermoformwerkzeugen, Stanzformen, Messern usw. f\u00fcr Kunststoff- und Industrieunternehmen in D\u00e4nemark sowie im Ausland. Seit dem Start ... Weiterlesen ...\" \/>\n<meta property=\"og:url\" content=\"https:\/\/free-form.dk\/de\/ueber-uns\/\" \/>\n<meta property=\"og:site_name\" content=\"FREE-FORM A\/S\" \/>\n<meta property=\"article:modified_time\" content=\"2025-10-20T05:48:22+00:00\" \/>\n<meta property=\"og:image\" content=\"https:\/\/free-form.dk\/wp-content\/uploads\/2025\/10\/P1000639-1-scaled.jpg\" \/>\n\t<meta property=\"og:image:width\" content=\"2048\" \/>\n\t<meta property=\"og:image:height\" content=\"1365\" \/>\n\t<meta property=\"og:image:type\" content=\"image\/jpeg\" \/>\n<meta name=\"twitter:card\" content=\"summary_large_image\" \/>\n<meta name=\"twitter:label1\" content=\"Gesch\u00e4tzte Lesezeit\" \/>\n\t<meta name=\"twitter:data1\" content=\"1\u00a0Minute\" \/>\n<script type=\"application\/ld+json\" class=\"yoast-schema-graph\">{\"@context\":\"https:\\\/\\\/schema.org\",\"@graph\":[{\"@type\":\"WebPage\",\"@id\":\"https:\\\/\\\/free-form.dk\\\/de\\\/ueber-uns\\\/\",\"url\":\"https:\\\/\\\/free-form.dk\\\/de\\\/ueber-uns\\\/\",\"name\":\"\u00dcber uns | FREE-FORM A\\\/S\",\"isPartOf\":{\"@id\":\"https:\\\/\\\/free-form.dk\\\/de\\\/#website\"},\"primaryImageOfPage\":{\"@id\":\"https:\\\/\\\/free-form.dk\\\/de\\\/ueber-uns\\\/#primaryimage\"},\"image\":{\"@id\":\"https:\\\/\\\/free-form.dk\\\/de\\\/ueber-uns\\\/#primaryimage\"},\"thumbnailUrl\":\"https:\\\/\\\/free-form.dk\\\/wp-content\\\/uploads\\\/2025\\\/10\\\/P1000639-1-1000x667.jpg\",\"datePublished\":\"2025-09-25T11:31:22+00:00\",\"dateModified\":\"2025-10-20T05:48:22+00:00\",\"breadcrumb\":{\"@id\":\"https:\\\/\\\/free-form.dk\\\/de\\\/ueber-uns\\\/#breadcrumb\"},\"inLanguage\":\"de\",\"potentialAction\":[{\"@type\":\"ReadAction\",\"target\":[\"https:\\\/\\\/free-form.dk\\\/de\\\/ueber-uns\\\/\"]}]},{\"@type\":\"ImageObject\",\"inLanguage\":\"de\",\"@id\":\"https:\\\/\\\/free-form.dk\\\/de\\\/ueber-uns\\\/#primaryimage\",\"url\":\"https:\\\/\\\/free-form.dk\\\/wp-content\\\/uploads\\\/2025\\\/10\\\/P1000639-1-1000x667.jpg\",\"contentUrl\":\"https:\\\/\\\/free-form.dk\\\/wp-content\\\/uploads\\\/2025\\\/10\\\/P1000639-1-1000x667.jpg\"},{\"@type\":\"BreadcrumbList\",\"@id\":\"https:\\\/\\\/free-form.dk\\\/de\\\/ueber-uns\\\/#breadcrumb\",\"itemListElement\":[{\"@type\":\"ListItem\",\"position\":1,\"name\":\"Forside\",\"item\":\"https:\\\/\\\/free-form.dk\\\/de\\\/startseite\\\/\"},{\"@type\":\"ListItem\",\"position\":2,\"name\":\"\u00dcber uns\"}]},{\"@type\":\"WebSite\",\"@id\":\"https:\\\/\\\/free-form.dk\\\/de\\\/#website\",\"url\":\"https:\\\/\\\/free-form.dk\\\/de\\\/\",\"name\":\"FREE-FORM A\\\/S\",\"description\":\"Fokus p\u00e5 arbejdet og servicering af vores kunder\",\"publisher\":{\"@id\":\"https:\\\/\\\/free-form.dk\\\/de\\\/#organization\"},\"potentialAction\":[{\"@type\":\"SearchAction\",\"target\":{\"@type\":\"EntryPoint\",\"urlTemplate\":\"https:\\\/\\\/free-form.dk\\\/de\\\/?s={search_term_string}\"},\"query-input\":{\"@type\":\"PropertyValueSpecification\",\"valueRequired\":true,\"valueName\":\"search_term_string\"}}],\"inLanguage\":\"de\"},{\"@type\":\"Organization\",\"@id\":\"https:\\\/\\\/free-form.dk\\\/de\\\/#organization\",\"name\":\"FREE-FORM A\\\/S\",\"url\":\"https:\\\/\\\/free-form.dk\\\/de\\\/\",\"logo\":{\"@type\":\"ImageObject\",\"inLanguage\":\"de\",\"@id\":\"https:\\\/\\\/free-form.dk\\\/de\\\/#\\\/schema\\\/logo\\\/image\\\/\",\"url\":\"https:\\\/\\\/free-form.dk\\\/wp-content\\\/uploads\\\/2025\\\/09\\\/Free-logo.png\",\"contentUrl\":\"https:\\\/\\\/free-form.dk\\\/wp-content\\\/uploads\\\/2025\\\/09\\\/Free-logo.png\",\"width\":935,\"height\":198,\"caption\":\"FREE-FORM A\\\/S\"},\"image\":{\"@id\":\"https:\\\/\\\/free-form.dk\\\/de\\\/#\\\/schema\\\/logo\\\/image\\\/\"}}]}<\/script>\n<!-- \/ Yoast SEO plugin. -->","yoast_head_json":{"title":"\u00dcber uns | FREE-FORM A\/S","robots":{"index":"index","follow":"follow","max-snippet":"max-snippet:-1","max-image-preview":"max-image-preview:large","max-video-preview":"max-video-preview:-1"},"canonical":"https:\/\/free-form.dk\/de\/ueber-uns\/","og_locale":"de_DE","og_type":"article","og_title":"\u00dcber uns | FREE-FORM A\/S","og_description":"Willkommen bei Gegr\u00fcndet im Jahr 2000 Willkommen bei FreeForm A\/S FreeForm A\/S wurde im Jahr 2000 von Direktor und Inhaber Morten S\u00f8rensen zu Hause in der Garage in Vejle gegr\u00fcndet. FreeForm A\/S ist spezialisiert auf die Herstellung von hochqualitativen Pr\u00e4zisions-Thermoformwerkzeugen, Stanzformen, Messern usw. f\u00fcr Kunststoff- und Industrieunternehmen in D\u00e4nemark sowie im Ausland. Seit dem Start ... Weiterlesen ...","og_url":"https:\/\/free-form.dk\/de\/ueber-uns\/","og_site_name":"FREE-FORM A\/S","article_modified_time":"2025-10-20T05:48:22+00:00","og_image":[{"width":2048,"height":1365,"url":"https:\/\/free-form.dk\/wp-content\/uploads\/2025\/10\/P1000639-1-scaled.jpg","type":"image\/jpeg"}],"twitter_card":"summary_large_image","twitter_misc":{"Gesch\u00e4tzte Lesezeit":"1\u00a0Minute"},"schema":{"@context":"https:\/\/schema.org","@graph":[{"@type":"WebPage","@id":"https:\/\/free-form.dk\/de\/ueber-uns\/","url":"https:\/\/free-form.dk\/de\/ueber-uns\/","name":"\u00dcber uns | FREE-FORM A\/S","isPartOf":{"@id":"https:\/\/free-form.dk\/de\/#website"},"primaryImageOfPage":{"@id":"https:\/\/free-form.dk\/de\/ueber-uns\/#primaryimage"},"image":{"@id":"https:\/\/free-form.dk\/de\/ueber-uns\/#primaryimage"},"thumbnailUrl":"https:\/\/free-form.dk\/wp-content\/uploads\/2025\/10\/P1000639-1-1000x667.jpg","datePublished":"2025-09-25T11:31:22+00:00","dateModified":"2025-10-20T05:48:22+00:00","breadcrumb":{"@id":"https:\/\/free-form.dk\/de\/ueber-uns\/#breadcrumb"},"inLanguage":"de","potentialAction":[{"@type":"ReadAction","target":["https:\/\/free-form.dk\/de\/ueber-uns\/"]}]},{"@type":"ImageObject","inLanguage":"de","@id":"https:\/\/free-form.dk\/de\/ueber-uns\/#primaryimage","url":"https:\/\/free-form.dk\/wp-content\/uploads\/2025\/10\/P1000639-1-1000x667.jpg","contentUrl":"https:\/\/free-form.dk\/wp-content\/uploads\/2025\/10\/P1000639-1-1000x667.jpg"},{"@type":"BreadcrumbList","@id":"https:\/\/free-form.dk\/de\/ueber-uns\/#breadcrumb","itemListElement":[{"@type":"ListItem","position":1,"name":"Forside","item":"https:\/\/free-form.dk\/de\/startseite\/"},{"@type":"ListItem","position":2,"name":"\u00dcber uns"}]},{"@type":"WebSite","@id":"https:\/\/free-form.dk\/de\/#website","url":"https:\/\/free-form.dk\/de\/","name":"FREE-FORM A\/S","description":"Fokus p\u00e5 arbejdet og servicering af vores kunder","publisher":{"@id":"https:\/\/free-form.dk\/de\/#organization"},"potentialAction":[{"@type":"SearchAction","target":{"@type":"EntryPoint","urlTemplate":"https:\/\/free-form.dk\/de\/?s={search_term_string}"},"query-input":{"@type":"PropertyValueSpecification","valueRequired":true,"valueName":"search_term_string"}}],"inLanguage":"de"},{"@type":"Organization","@id":"https:\/\/free-form.dk\/de\/#organization","name":"FREE-FORM A\/S","url":"https:\/\/free-form.dk\/de\/","logo":{"@type":"ImageObject","inLanguage":"de","@id":"https:\/\/free-form.dk\/de\/#\/schema\/logo\/image\/","url":"https:\/\/free-form.dk\/wp-content\/uploads\/2025\/09\/Free-logo.png","contentUrl":"https:\/\/free-form.dk\/wp-content\/uploads\/2025\/09\/Free-logo.png","width":935,"height":198,"caption":"FREE-FORM A\/S"},"image":{"@id":"https:\/\/free-form.dk\/de\/#\/schema\/logo\/image\/"}}]}},"_links":{"self":[{"href":"https:\/\/free-form.dk\/de\/wp-json\/wp\/v2\/pages\/10599","targetHints":{"allow":["GET"]}}],"collection":[{"href":"https:\/\/free-form.dk\/de\/wp-json\/wp\/v2\/pages"}],"about":[{"href":"https:\/\/free-form.dk\/de\/wp-json\/wp\/v2\/types\/page"}],"author":[{"embeddable":true,"href":"https:\/\/free-form.dk\/de\/wp-json\/wp\/v2\/users\/5"}],"replies":[{"embeddable":true,"href":"https:\/\/free-form.dk\/de\/wp-json\/wp\/v2\/comments?post=10599"}],"version-history":[{"count":1,"href":"https:\/\/free-form.dk\/de\/wp-json\/wp\/v2\/pages\/10599\/revisions"}],"predecessor-version":[{"id":10601,"href":"https:\/\/free-form.dk\/de\/wp-json\/wp\/v2\/pages\/10599\/revisions\/10601"}],"wp:attachment":[{"href":"https:\/\/free-form.dk\/de\/wp-json\/wp\/v2\/media?parent=10599"}],"wp:term":[{"taxonomy":"category","embeddable":true,"href":"https:\/\/free-form.dk\/de\/wp-json\/wp\/v2\/categories?post=10599"}],"curies":[{"name":"wp","href":"https:\/\/api.w.org\/{rel}","templated":true}]}}