{"id":10600,"date":"2020-02-12T08:51:30","date_gmt":"2020-02-12T07:51:30","guid":{"rendered":"https:\/\/free-form.dk\/startseite\/"},"modified":"2025-10-20T07:48:33","modified_gmt":"2025-10-20T05:48:33","slug":"startseite","status":"publish","type":"page","link":"https:\/\/free-form.dk\/de\/","title":{"rendered":"Startseite"},"content":{"rendered":"\t\t<div data-elementor-type=\"wp-page\" data-elementor-id=\"10600\" class=\"elementor elementor-10600 elementor-15\" data-elementor-post-type=\"page\">\n\t\t\t\t<div class=\"elementor-element elementor-element-282b0133 white e-flex e-con-boxed e-con e-parent\" data-id=\"282b0133\" data-element_type=\"container\" data-settings=\"{&quot;background_background&quot;:&quot;video&quot;,&quot;background_video_link&quot;:&quot;https:\\\/\\\/gostmediaserviceprod.blob.core.windows.net\\\/asset-ef0efdb2-76aa-4746-a523-f215f1d03d81\\\/free-form-cnc-fraeser-header-vid_1920x1080_4700k.mp4&quot;,&quot;background_play_on_mobile&quot;:&quot;yes&quot;}\">\n\t\t\t\t\t<div class=\"e-con-inner\">\n\t\t<div class=\"elementor-background-video-container\" aria-hidden=\"true\">\n\t\t\t\t\t\t\t<video class=\"elementor-background-video-hosted\" autoplay muted playsinline loop><\/video>\n\t\t\t\t\t<\/div><div class=\"elementor-element elementor-element-4335dcb6 e-con-full e-flex e-con e-child\" data-id=\"4335dcb6\" data-element_type=\"container\">\n\t\t\t\t<div class=\"elementor-element elementor-element-66fed2d7 prehead elementor-widget elementor-widget-text-editor\" data-id=\"66fed2d7\" data-element_type=\"widget\" data-widget_type=\"text-editor.default\">\n\t\t\t\t<div class=\"elementor-widget-container\">\n\t\t\t\t\t\t\t\t\t<p>Willkommen bei  FREE-FORM A\/S<\/p>\t\t\t\t\t\t\t\t<\/div>\n\t\t\t\t<\/div>\n\t\t\t\t<div class=\"elementor-element elementor-element-5a6b5ca9 elementor-widget__width-initial elementor-widget elementor-widget-heading\" data-id=\"5a6b5ca9\" data-element_type=\"widget\" data-widget_type=\"heading.default\">\n\t\t\t\t<div class=\"elementor-widget-container\">\n\t\t\t\t\t<h1 class=\"elementor-heading-title elementor-size-default\">Fokus p\u00e5 arbejdet og servicering af vores kunder<\/h1>\t\t\t\t<\/div>\n\t\t\t\t<\/div>\n\t\t\t\t<div class=\"elementor-element elementor-element-49ef9290 elementor-widget-tablet__width-inherit elementor-widget-mobile__width-inherit elementor-widget elementor-widget-text-editor\" data-id=\"49ef9290\" data-element_type=\"widget\" data-widget_type=\"text-editor.default\">\n\t\t\t\t<div class=\"elementor-widget-container\">\n\t\t\t\t\t\t\t\t\t<p>Ihr bevorzugter Lieferant!<\/p>\t\t\t\t\t\t\t\t<\/div>\n\t\t\t\t<\/div>\n\t\t<div class=\"elementor-element elementor-element-1391e31c e-con-full e-flex e-con e-child\" data-id=\"1391e31c\" data-element_type=\"container\">\n\t\t\t\t<div class=\"elementor-element elementor-element-64f3b893 cta elementor-mobile-align-justify elementor-widget-mobile__width-inherit elementor-widget elementor-widget-button\" data-id=\"64f3b893\" data-element_type=\"widget\" data-widget_type=\"button.default\">\n\t\t\t\t<div class=\"elementor-widget-container\">\n\t\t\t\t\t\t\t\t\t<div class=\"elementor-button-wrapper\">\n\t\t\t\t\t<a class=\"elementor-button elementor-button-link elementor-size-sm\" href=\"https:\/\/free-form.dk\/de\/kontakt\/\">\n\t\t\t\t\t\t<span class=\"elementor-button-content-wrapper\">\n\t\t\t\t\t\t\t\t\t<span class=\"elementor-button-text\">Kontaktieren Sie uns<\/span>\n\t\t\t\t\t<\/span>\n\t\t\t\t\t<\/a>\n\t\t\t\t<\/div>\n\t\t\t\t\t\t\t\t<\/div>\n\t\t\t\t<\/div>\n\t\t\t\t<\/div>\n\t\t\t\t<\/div>\n\t\t\t\t\t<\/div>\n\t\t\t\t<\/div>\n\t\t<div class=\"elementor-element elementor-element-0b9108e e-flex e-con-boxed e-con e-parent\" data-id=\"0b9108e\" data-element_type=\"container\">\n\t\t\t\t\t<div class=\"e-con-inner\">\n\t\t\t\t<div class=\"elementor-element elementor-element-ffa6bf6 elementor-grid-4 elementor-grid-laptop-2 elementor-grid-tablet-2 elementor-grid-mobile-1 elementor-widget elementor-widget-loop-grid\" data-id=\"ffa6bf6\" data-element_type=\"widget\" data-settings=\"{&quot;template_id&quot;:10586,&quot;columns&quot;:4,&quot;columns_laptop&quot;:2,&quot;_skin&quot;:&quot;post&quot;,&quot;columns_tablet&quot;:&quot;2&quot;,&quot;columns_mobile&quot;:&quot;1&quot;,&quot;edit_handle_selector&quot;:&quot;[data-elementor-type=\\&quot;loop-item\\&quot;]&quot;,&quot;row_gap&quot;:{&quot;unit&quot;:&quot;px&quot;,&quot;size&quot;:&quot;&quot;,&quot;sizes&quot;:[]},&quot;row_gap_laptop&quot;:{&quot;unit&quot;:&quot;px&quot;,&quot;size&quot;:&quot;&quot;,&quot;sizes&quot;:[]},&quot;row_gap_tablet&quot;:{&quot;unit&quot;:&quot;px&quot;,&quot;size&quot;:&quot;&quot;,&quot;sizes&quot;:[]},&quot;row_gap_mobile&quot;:{&quot;unit&quot;:&quot;px&quot;,&quot;size&quot;:&quot;&quot;,&quot;sizes&quot;:[]}}\" data-widget_type=\"loop-grid.post\">\n\t\t\t\t<div class=\"elementor-widget-container\">\n\t\t\t\t\t\t\t<div class=\"e-loop-nothing-found-message\">\n\t\t<\/div>\n\t\t\t\t\t\t<\/div>\n\t\t\t\t<\/div>\n\t\t\t\t\t<\/div>\n\t\t\t\t<\/div>\n\t\t<div class=\"elementor-element elementor-element-a6222a2 e-flex e-con-boxed e-con e-parent\" data-id=\"a6222a2\" data-element_type=\"container\">\n\t\t\t\t\t<div class=\"e-con-inner\">\n\t\t<div class=\"elementor-element elementor-element-77e247d e-con-full e-flex e-con e-child\" data-id=\"77e247d\" data-element_type=\"container\">\n\t\t\t\t<div class=\"elementor-element elementor-element-ec6008f prehead elementor-widget elementor-widget-heading\" data-id=\"ec6008f\" data-element_type=\"widget\" data-widget_type=\"heading.default\">\n\t\t\t\t<div class=\"elementor-widget-container\">\n\t\t\t\t\t<h5 class=\"elementor-heading-title elementor-size-default\">Wir gehen niemals Kompromisse bei der Qualit\u00e4t ein<\/h5>\t\t\t\t<\/div>\n\t\t\t\t<\/div>\n\t\t\t\t<div class=\"elementor-element elementor-element-530595c elementor-widget elementor-widget-text-editor\" data-id=\"530595c\" data-element_type=\"widget\" data-widget_type=\"text-editor.default\">\n\t\t\t\t<div class=\"elementor-widget-container\">\n\t\t\t\t\t\t\t\t\t<h2>Ihr bevorzugter Lieferant<\/h2><p>FreeForm A\/S ist spezialisiert auf die Herstellung von hochwertigen Thermoformwerkzeugen, Stanzformen und Messern. Dar\u00fcber hinaus bieten wir unsere einzigartige Blisterverpackungsmaschine an.<\/p><p>Wir m\u00f6chten in enger Zusammenarbeit die Produktentwicklung unserer Kunden unterst\u00fctzen und Partner bei der Entwicklung einer optimalen Verpackung des Produkts sein.<\/p>\t\t\t\t\t\t\t\t<\/div>\n\t\t\t\t<\/div>\n\t\t\t\t<div class=\"elementor-element elementor-element-fb2b80d elementor-widget elementor-widget-button\" data-id=\"fb2b80d\" data-element_type=\"widget\" data-widget_type=\"button.default\">\n\t\t\t\t<div class=\"elementor-widget-container\">\n\t\t\t\t\t\t\t\t\t<div class=\"elementor-button-wrapper\">\n\t\t\t\t\t<a class=\"elementor-button elementor-button-link elementor-size-sm\" href=\"https:\/\/free-form.dk\/de\/arbeitsbereiche\/\">\n\t\t\t\t\t\t<span class=\"elementor-button-content-wrapper\">\n\t\t\t\t\t\t\t\t\t<span class=\"elementor-button-text\">Unsere Kompetenzen<\/span>\n\t\t\t\t\t<\/span>\n\t\t\t\t\t<\/a>\n\t\t\t\t<\/div>\n\t\t\t\t\t\t\t\t<\/div>\n\t\t\t\t<\/div>\n\t\t\t\t<\/div>\n\t\t<div class=\"elementor-element elementor-element-e14ee93 e-con-full e-flex e-con e-child\" data-id=\"e14ee93\" data-element_type=\"container\" data-settings=\"{&quot;background_background&quot;:&quot;classic&quot;}\">\n\t\t\t\t<\/div>\n\t\t\t\t\t<\/div>\n\t\t\t\t<\/div>\n\t\t<div class=\"elementor-element elementor-element-cd4beff light e-flex e-con-boxed e-con e-parent\" data-id=\"cd4beff\" data-element_type=\"container\">\n\t\t\t\t\t<div class=\"e-con-inner\">\n\t\t\t\t<div class=\"elementor-element elementor-element-54f083a elementor-widget elementor-widget-heading\" data-id=\"54f083a\" data-element_type=\"widget\" data-widget_type=\"heading.default\">\n\t\t\t\t<div class=\"elementor-widget-container\">\n\t\t\t\t\t<h4 class=\"elementor-heading-title elementor-size-default\">Bilder aus dem Alltag\n<\/h4>\t\t\t\t<\/div>\n\t\t\t\t<\/div>\n\t\t\t\t<div class=\"elementor-element elementor-element-2f71360 elementor-widget elementor-widget-gallery\" data-id=\"2f71360\" data-element_type=\"widget\" data-settings=\"{&quot;gallery_layout&quot;:&quot;masonry&quot;,&quot;columns&quot;:3,&quot;lazyload&quot;:&quot;yes&quot;,&quot;columns_tablet&quot;:2,&quot;columns_mobile&quot;:1,&quot;gap&quot;:{&quot;unit&quot;:&quot;px&quot;,&quot;size&quot;:10,&quot;sizes&quot;:[]},&quot;gap_laptop&quot;:{&quot;unit&quot;:&quot;px&quot;,&quot;size&quot;:10,&quot;sizes&quot;:[]},&quot;gap_tablet&quot;:{&quot;unit&quot;:&quot;px&quot;,&quot;size&quot;:10,&quot;sizes&quot;:[]},&quot;gap_mobile&quot;:{&quot;unit&quot;:&quot;px&quot;,&quot;size&quot;:10,&quot;sizes&quot;:[]},&quot;link_to&quot;:&quot;file&quot;,&quot;content_hover_animation&quot;:&quot;fade-in&quot;}\" data-widget_type=\"gallery.default\">\n\t\t\t\t<div class=\"elementor-widget-container\">\n\t\t\t\t\t\t\t<div class=\"elementor-gallery__container\">\n\t\t\t\t\t\t\t<a class=\"e-gallery-item elementor-gallery-item elementor-animated-content\" href=\"https:\/\/free-form.dk\/wp-content\/uploads\/2025\/09\/2013-11-11_13.23.43_8_INT_2_0.jpg\" data-elementor-open-lightbox=\"yes\" data-elementor-lightbox-slideshow=\"2f71360\" data-e-action-hash=\"#elementor-action%3Aaction%3Dlightbox%26settings%3DeyJpZCI6MTAzMTAsInVybCI6Imh0dHBzOlwvXC9mcmVlLWZvcm0uZGtcL3dwLWNvbnRlbnRcL3VwbG9hZHNcLzIwMjVcLzA5XC8yMDEzLTExLTExXzEzLjIzLjQzXzhfSU5UXzJfMC5qcGciLCJzbGlkZXNob3ciOiIyZjcxMzYwIn0%3D\" data-rel=\"-image-0\" data-rl_title=\"\" data-rl_caption=\"\" title=\"\">\n\t\t\t\t\t<div class=\"e-gallery-image elementor-gallery-item__image\" data-thumbnail=\"https:\/\/free-form.dk\/wp-content\/uploads\/2025\/09\/2013-11-11_13.23.43_8_INT_2_0.jpg\" data-width=\"480\" data-height=\"360\" aria-label=\"\" role=\"img\" ><\/div>\n\t\t\t\t\t\t\t\t\t\t\t\t\t\t<\/a>\n\t\t\t\t\t\t\t<a class=\"e-gallery-item elementor-gallery-item elementor-animated-content\" href=\"https:\/\/free-form.dk\/wp-content\/uploads\/2025\/09\/2013-09-04_12.56.14_7_INT_2_0.jpg\" data-elementor-open-lightbox=\"yes\" data-elementor-lightbox-slideshow=\"2f71360\" data-e-action-hash=\"#elementor-action%3Aaction%3Dlightbox%26settings%3DeyJpZCI6MTAzMDgsInVybCI6Imh0dHBzOlwvXC9mcmVlLWZvcm0uZGtcL3dwLWNvbnRlbnRcL3VwbG9hZHNcLzIwMjVcLzA5XC8yMDEzLTA5LTA0XzEyLjU2LjE0XzdfSU5UXzJfMC5qcGciLCJzbGlkZXNob3ciOiIyZjcxMzYwIn0%3D\" data-rel=\"-image-1\" data-rl_title=\"\" data-rl_caption=\"\" title=\"\">\n\t\t\t\t\t<div class=\"e-gallery-image elementor-gallery-item__image\" data-thumbnail=\"https:\/\/free-form.dk\/wp-content\/uploads\/2025\/09\/2013-09-04_12.56.14_7_INT_2_0.jpg\" data-width=\"480\" data-height=\"360\" aria-label=\"\" role=\"img\" ><\/div>\n\t\t\t\t\t\t\t\t\t\t\t\t\t\t<\/a>\n\t\t\t\t\t\t\t<a class=\"e-gallery-item elementor-gallery-item elementor-animated-content\" href=\"https:\/\/free-form.dk\/wp-content\/uploads\/2025\/09\/Etimex-276-039.jpg\" data-elementor-open-lightbox=\"yes\" data-elementor-lightbox-slideshow=\"2f71360\" data-e-action-hash=\"#elementor-action%3Aaction%3Dlightbox%26settings%3DeyJpZCI6MTAzMDYsInVybCI6Imh0dHBzOlwvXC9mcmVlLWZvcm0uZGtcL3dwLWNvbnRlbnRcL3VwbG9hZHNcLzIwMjVcLzA5XC9FdGltZXgtMjc2LTAzOS5qcGciLCJzbGlkZXNob3ciOiIyZjcxMzYwIn0%3D\" data-rel=\"-image-2\" data-rl_title=\"\" data-rl_caption=\"\" title=\"\">\n\t\t\t\t\t<div class=\"e-gallery-image elementor-gallery-item__image\" data-thumbnail=\"https:\/\/free-form.dk\/wp-content\/uploads\/2025\/09\/Etimex-276-039.jpg\" data-width=\"480\" data-height=\"360\" aria-label=\"\" role=\"img\" ><\/div>\n\t\t\t\t\t\t\t\t\t\t\t\t\t\t<\/a>\n\t\t\t\t\t\t\t<a class=\"e-gallery-item elementor-gallery-item elementor-animated-content\" href=\"https:\/\/free-form.dk\/wp-content\/uploads\/2025\/09\/Hverdagen1.jpg\" data-elementor-open-lightbox=\"yes\" data-elementor-lightbox-slideshow=\"2f71360\" data-e-action-hash=\"#elementor-action%3Aaction%3Dlightbox%26settings%3DeyJpZCI6MTAzMDQsInVybCI6Imh0dHBzOlwvXC9mcmVlLWZvcm0uZGtcL3dwLWNvbnRlbnRcL3VwbG9hZHNcLzIwMjVcLzA5XC9IdmVyZGFnZW4xLmpwZyIsInNsaWRlc2hvdyI6IjJmNzEzNjAifQ%3D%3D\" data-rel=\"-image-3\" data-rl_title=\"\" data-rl_caption=\"\" title=\"\">\n\t\t\t\t\t<div class=\"e-gallery-image elementor-gallery-item__image\" data-thumbnail=\"https:\/\/free-form.dk\/wp-content\/uploads\/2025\/09\/Hverdagen1.jpg\" data-width=\"480\" data-height=\"360\" aria-label=\"\" role=\"img\" ><\/div>\n\t\t\t\t\t\t\t\t\t\t\t\t\t\t<\/a>\n\t\t\t\t\t\t\t<a class=\"e-gallery-item elementor-gallery-item elementor-animated-content\" href=\"https:\/\/free-form.dk\/wp-content\/uploads\/2025\/09\/Hverdagen.jpg\" data-elementor-open-lightbox=\"yes\" data-elementor-lightbox-slideshow=\"2f71360\" data-e-action-hash=\"#elementor-action%3Aaction%3Dlightbox%26settings%3DeyJpZCI6MTAzMTIsInVybCI6Imh0dHBzOlwvXC9mcmVlLWZvcm0uZGtcL3dwLWNvbnRlbnRcL3VwbG9hZHNcLzIwMjVcLzA5XC9IdmVyZGFnZW4uanBnIiwic2xpZGVzaG93IjoiMmY3MTM2MCJ9\" data-rel=\"-image-4\" data-rl_title=\"\" data-rl_caption=\"\" title=\"\">\n\t\t\t\t\t<div class=\"e-gallery-image elementor-gallery-item__image\" data-thumbnail=\"https:\/\/free-form.dk\/wp-content\/uploads\/2025\/09\/Hverdagen-500x333.jpg\" data-width=\"500\" data-height=\"333\" aria-label=\"\" role=\"img\" ><\/div>\n\t\t\t\t\t\t\t\t\t\t\t\t\t\t<\/a>\n\t\t\t\t\t<\/div>\n\t\t\t\t\t<\/div>\n\t\t\t\t<\/div>\n\t\t\t\t\t<\/div>\n\t\t\t\t<\/div>\n\t\t\t\t<\/div>\n\t\t","protected":false},"excerpt":{"rendered":"<p>Willkommen bei Ihr bevorzugter Lieferant! Kontaktieren Sie uns Wir gehen niemals Kompromisse bei der Qualit\u00e4t ein Ihr bevorzugter Lieferant FreeForm A\/S ist spezialisiert auf die Herstellung von hochwertigen Thermoformwerkzeugen, Stanzformen und Messern. Dar\u00fcber hinaus bieten wir unsere einzigartige Blisterverpackungsmaschine an. Wir m\u00f6chten in enger Zusammenarbeit die Produktentwicklung unserer Kunden unterst\u00fctzen und Partner bei der Entwicklung &#8230; <a title=\"Startseite\" class=\"read-more\" href=\"https:\/\/free-form.dk\/de\/\" aria-label=\"Mehr Informationen \u00fcber Startseite\">Weiterlesen &#8230;<\/a><\/p>\n","protected":false},"author":1,"featured_media":0,"parent":0,"menu_order":0,"comment_status":"closed","ping_status":"closed","template":"","meta":{"_acf_changed":false,"footnotes":""},"categories":[],"class_list":["post-10600","page","type-page","status-publish"],"acf":[],"yoast_head":"<!-- This site is optimized with the Yoast SEO plugin v27.5 - https:\/\/yoast.com\/product\/yoast-seo-wordpress\/ -->\n<title>Fokus p\u00e5 arbejdet og servicering af vores kunder | FREE-FORM A\/S<\/title>\n<meta name=\"description\" content=\"Fokus p\u00e5 arbejdet og servicering af vores kunder. Kontaktieren Sie FREE-FORM A\/S noch heute!\" \/>\n<meta name=\"robots\" content=\"index, follow, max-snippet:-1, max-image-preview:large, max-video-preview:-1\" \/>\n<link rel=\"canonical\" href=\"https:\/\/free-form.dk\/de\/\" \/>\n<meta property=\"og:locale\" content=\"de_DE\" \/>\n<meta property=\"og:type\" content=\"article\" \/>\n<meta property=\"og:title\" content=\"Fokus p\u00e5 arbejdet og servicering af vores kunder | FREE-FORM A\/S\" \/>\n<meta property=\"og:description\" content=\"Fokus p\u00e5 arbejdet og servicering af vores kunder. Kontaktieren Sie FREE-FORM A\/S noch heute!\" \/>\n<meta property=\"og:url\" content=\"https:\/\/free-form.dk\/de\/\" \/>\n<meta property=\"og:site_name\" content=\"FREE-FORM A\/S\" \/>\n<meta property=\"article:modified_time\" content=\"2025-10-20T05:48:33+00:00\" \/>\n<meta name=\"twitter:card\" content=\"summary_large_image\" \/>\n<script type=\"application\/ld+json\" class=\"yoast-schema-graph\">{\"@context\":\"https:\\\/\\\/schema.org\",\"@graph\":[{\"@type\":\"WebPage\",\"@id\":\"https:\\\/\\\/free-form.dk\\\/de\\\/\",\"url\":\"https:\\\/\\\/free-form.dk\\\/de\\\/\",\"name\":\"Fokus p\u00e5 arbejdet og servicering af vores kunder | FREE-FORM A\\\/S\",\"isPartOf\":{\"@id\":\"https:\\\/\\\/free-form.dk\\\/de\\\/#website\"},\"datePublished\":\"2020-02-12T07:51:30+00:00\",\"dateModified\":\"2025-10-20T05:48:33+00:00\",\"description\":\"Fokus p\u00e5 arbejdet og servicering af vores kunder. Kontaktieren Sie FREE-FORM A\\\/S noch heute!\",\"breadcrumb\":{\"@id\":\"https:\\\/\\\/free-form.dk\\\/de\\\/#breadcrumb\"},\"inLanguage\":\"de\",\"potentialAction\":[{\"@type\":\"ReadAction\",\"target\":[\"https:\\\/\\\/free-form.dk\\\/de\\\/\"]}]},{\"@type\":\"BreadcrumbList\",\"@id\":\"https:\\\/\\\/free-form.dk\\\/de\\\/#breadcrumb\",\"itemListElement\":[{\"@type\":\"ListItem\",\"position\":1,\"name\":\"Forside\",\"item\":\"https:\\\/\\\/free-form.dk\\\/de\\\/startseite\\\/\"},{\"@type\":\"ListItem\",\"position\":2,\"name\":\"Startseite\"}]},{\"@type\":\"WebSite\",\"@id\":\"https:\\\/\\\/free-form.dk\\\/de\\\/#website\",\"url\":\"https:\\\/\\\/free-form.dk\\\/de\\\/\",\"name\":\"FREE-FORM A\\\/S\",\"description\":\"Fokus p\u00e5 arbejdet og servicering af vores kunder\",\"publisher\":{\"@id\":\"https:\\\/\\\/free-form.dk\\\/de\\\/#organization\"},\"potentialAction\":[{\"@type\":\"SearchAction\",\"target\":{\"@type\":\"EntryPoint\",\"urlTemplate\":\"https:\\\/\\\/free-form.dk\\\/de\\\/?s={search_term_string}\"},\"query-input\":{\"@type\":\"PropertyValueSpecification\",\"valueRequired\":true,\"valueName\":\"search_term_string\"}}],\"inLanguage\":\"de\"},{\"@type\":\"Organization\",\"@id\":\"https:\\\/\\\/free-form.dk\\\/de\\\/#organization\",\"name\":\"FREE-FORM A\\\/S\",\"url\":\"https:\\\/\\\/free-form.dk\\\/de\\\/\",\"logo\":{\"@type\":\"ImageObject\",\"inLanguage\":\"de\",\"@id\":\"https:\\\/\\\/free-form.dk\\\/de\\\/#\\\/schema\\\/logo\\\/image\\\/\",\"url\":\"https:\\\/\\\/free-form.dk\\\/wp-content\\\/uploads\\\/2025\\\/09\\\/Free-logo.png\",\"contentUrl\":\"https:\\\/\\\/free-form.dk\\\/wp-content\\\/uploads\\\/2025\\\/09\\\/Free-logo.png\",\"width\":935,\"height\":198,\"caption\":\"FREE-FORM A\\\/S\"},\"image\":{\"@id\":\"https:\\\/\\\/free-form.dk\\\/de\\\/#\\\/schema\\\/logo\\\/image\\\/\"}}]}<\/script>\n<!-- \/ Yoast SEO plugin. -->","yoast_head_json":{"title":"Fokus p\u00e5 arbejdet og servicering af vores kunder | FREE-FORM A\/S","description":"Fokus p\u00e5 arbejdet og servicering af vores kunder. Kontaktieren Sie FREE-FORM A\/S noch heute!","robots":{"index":"index","follow":"follow","max-snippet":"max-snippet:-1","max-image-preview":"max-image-preview:large","max-video-preview":"max-video-preview:-1"},"canonical":"https:\/\/free-form.dk\/de\/","og_locale":"de_DE","og_type":"article","og_title":"Fokus p\u00e5 arbejdet og servicering af vores kunder | FREE-FORM A\/S","og_description":"Fokus p\u00e5 arbejdet og servicering af vores kunder. Kontaktieren Sie FREE-FORM A\/S noch heute!","og_url":"https:\/\/free-form.dk\/de\/","og_site_name":"FREE-FORM A\/S","article_modified_time":"2025-10-20T05:48:33+00:00","twitter_card":"summary_large_image","schema":{"@context":"https:\/\/schema.org","@graph":[{"@type":"WebPage","@id":"https:\/\/free-form.dk\/de\/","url":"https:\/\/free-form.dk\/de\/","name":"Fokus p\u00e5 arbejdet og servicering af vores kunder | FREE-FORM A\/S","isPartOf":{"@id":"https:\/\/free-form.dk\/de\/#website"},"datePublished":"2020-02-12T07:51:30+00:00","dateModified":"2025-10-20T05:48:33+00:00","description":"Fokus p\u00e5 arbejdet og servicering af vores kunder. Kontaktieren Sie FREE-FORM A\/S noch heute!","breadcrumb":{"@id":"https:\/\/free-form.dk\/de\/#breadcrumb"},"inLanguage":"de","potentialAction":[{"@type":"ReadAction","target":["https:\/\/free-form.dk\/de\/"]}]},{"@type":"BreadcrumbList","@id":"https:\/\/free-form.dk\/de\/#breadcrumb","itemListElement":[{"@type":"ListItem","position":1,"name":"Forside","item":"https:\/\/free-form.dk\/de\/startseite\/"},{"@type":"ListItem","position":2,"name":"Startseite"}]},{"@type":"WebSite","@id":"https:\/\/free-form.dk\/de\/#website","url":"https:\/\/free-form.dk\/de\/","name":"FREE-FORM A\/S","description":"Fokus p\u00e5 arbejdet og servicering af vores kunder","publisher":{"@id":"https:\/\/free-form.dk\/de\/#organization"},"potentialAction":[{"@type":"SearchAction","target":{"@type":"EntryPoint","urlTemplate":"https:\/\/free-form.dk\/de\/?s={search_term_string}"},"query-input":{"@type":"PropertyValueSpecification","valueRequired":true,"valueName":"search_term_string"}}],"inLanguage":"de"},{"@type":"Organization","@id":"https:\/\/free-form.dk\/de\/#organization","name":"FREE-FORM A\/S","url":"https:\/\/free-form.dk\/de\/","logo":{"@type":"ImageObject","inLanguage":"de","@id":"https:\/\/free-form.dk\/de\/#\/schema\/logo\/image\/","url":"https:\/\/free-form.dk\/wp-content\/uploads\/2025\/09\/Free-logo.png","contentUrl":"https:\/\/free-form.dk\/wp-content\/uploads\/2025\/09\/Free-logo.png","width":935,"height":198,"caption":"FREE-FORM A\/S"},"image":{"@id":"https:\/\/free-form.dk\/de\/#\/schema\/logo\/image\/"}}]}},"_links":{"self":[{"href":"https:\/\/free-form.dk\/de\/wp-json\/wp\/v2\/pages\/10600","targetHints":{"allow":["GET"]}}],"collection":[{"href":"https:\/\/free-form.dk\/de\/wp-json\/wp\/v2\/pages"}],"about":[{"href":"https:\/\/free-form.dk\/de\/wp-json\/wp\/v2\/types\/page"}],"author":[{"embeddable":true,"href":"https:\/\/free-form.dk\/de\/wp-json\/wp\/v2\/users\/1"}],"replies":[{"embeddable":true,"href":"https:\/\/free-form.dk\/de\/wp-json\/wp\/v2\/comments?post=10600"}],"version-history":[{"count":3,"href":"https:\/\/free-form.dk\/de\/wp-json\/wp\/v2\/pages\/10600\/revisions"}],"predecessor-version":[{"id":10610,"href":"https:\/\/free-form.dk\/de\/wp-json\/wp\/v2\/pages\/10600\/revisions\/10610"}],"wp:attachment":[{"href":"https:\/\/free-form.dk\/de\/wp-json\/wp\/v2\/media?parent=10600"}],"wp:term":[{"taxonomy":"category","embeddable":true,"href":"https:\/\/free-form.dk\/de\/wp-json\/wp\/v2\/categories?post=10600"}],"curies":[{"name":"wp","href":"https:\/\/api.w.org\/{rel}","templated":true}]}}